{"id":1103,"date":"2025-04-16T08:41:45","date_gmt":"2025-04-16T08:41:45","guid":{"rendered":"https:\/\/red-lighttherapy.com\/?post_type=product&#038;p=1103"},"modified":"2025-04-16T09:00:18","modified_gmt":"2025-04-16T09:00:18","slug":"maker-magnetic-closure-box-for-hair-extensions-removal-device","status":"publish","type":"product","link":"https:\/\/red-lighttherapy.com\/de_de\/maker-magnetic-closure-box-for-hair-extensions-removal-device\/","title":{"rendered":"Maker Magnetverschluss Box f\u00fcr Haarverl\u00e4ngerungen Entfernung Ger\u00e4t"},"content":{"rendered":"<h2 id=\"magnetic-closure-wig-extension-disassembly-device-packaging-box-product-description\">Magnetverschluss Per\u00fcckenverl\u00e4ngerung Demontagevorrichtung Verpackungsbox Produktbeschreibung<\/h2>\n<h2 id=\"-1-appearance-design-simple-and-stylish-book-shaped-box-body-enhances-exquisiteness-\"><strong>1. Aussehen Design: einfach und stilvoll, Buch-f\u00f6rmige Box K\u00f6rper verbessert Exquisiteness<\/strong><\/h2>\n<p>Dieses Produkt hat ein hellwei\u00dfes Seriendesign, das sich in der klassischen buchf\u00f6rmigen Schachtelstruktur mit einfachen und glatten Linien und elegantem Aussehen pr\u00e4sentiert. Die Oberfl\u00e4che des Schachtelk\u00f6rpers ist mit 157 GSM beschichtetem Papier bedruckt, was den leichten, luxuri\u00f6sen Stil unterstreicht. Das Design des Magnetverschlusses ist von den beliebten magnetischen Saugk\u00e4sten inspiriert, die sich bequem \u00f6ffnen und schlie\u00dfen lassen und fest schlie\u00dfen, was die Benutzererfahrung verbessert und gleichzeitig das Gef\u00fchl der Hochwertigkeit verst\u00e4rkt.<\/p>\n<h2 id=\"-2-internal-and-external-double-color-contrast-combination-of-function-and-aesthetics-\"><strong>2. Interner und externer doppelter Farbkontrast, Kombination von Funktion und \u00c4sthetik<\/strong><\/h2>\n<p>Der Au\u00dfenkarton ist hellwei\u00df, der Innenkarton ist reinwei\u00df. Der Farbkontrast bildet eine visuelle Hierarchie, die die strukturellen Details des Per\u00fcckenverl\u00e4ngerungsger\u00e4ts in der Schachtel klar erkennen l\u00e4sst und die schnelle Identifizierung des Produkts bei der Pr\u00e4sentation erleichtert. In Kombination mit dem gestanzten, geformten Innenfutter wird das Produkt stabil gelagert.<\/p>\n<h2 id=\"-3-material-and-structure-professional-grade-protection-stable-and-durable-\"><strong>3. Material und Struktur: professioneller Schutz, stabil und langlebig<\/strong><\/h2>\n<ul>\n<li><strong>Grundstoff<\/strong>: 1200 GSM hochfester Graukarton, der eine bessere Druckbest\u00e4ndigkeit als gew\u00f6hnliche Pappe aufweist und Transportst\u00f6\u00dfen und langfristigem Stapeln standhalten kann.<\/li>\n<li><strong>Oberfl\u00e4chenbehandlung<\/strong>: 157 GSM gestrichenes Papier mit matter Folie, kratz- und verschlei\u00dffest, mit zarter Haptik und erh\u00f6htem Wiedererkennungswert.<\/li>\n<li><strong>Innenfutter<\/strong>: Ma\u00dfgeschneidert durch Pr\u00e4zisionsstanzverfahren, passt perfekt die Kontur der Per\u00fccke Ger\u00e4t zu verhindern, dass Produkt wackeln oder Verschlei\u00df.<\/li>\n<\/ul>\n<h2 id=\"-4-brand-empowerment-double-upgrade-of-texture-and-added-value-\"><strong>4. St\u00e4rkung der Marke: Doppelte Aufwertung der Textur und des Mehrwerts<\/strong><\/h2>\n<p>Das Design der Verpackungsschachtel enth\u00e4lt luxuri\u00f6se Details, wie z. B. verstecktes \u00d6ffnen und Schlie\u00dfen von Magnetschnallen und abgerundete Ecken zum Schutz vor Kollisionen. Die R\u00fcckseite des Kartons kann mit einem Hei\u00dfpr\u00e4gebereich f\u00fcr die Markengeschichte versehen werden, um das Vertrauen der Verbraucher in die Handwerkskunst und Qualit\u00e4t der Marke zu st\u00e4rken und den Premiumbereich zu vergr\u00f6\u00dfern.<\/p>\n<h2 id=\"-5-supply-chain-advantages-16-years-of-professional-guarantee-flexible-customization-\"><strong>5. Vorteile der Lieferkette: 16 Jahre professionelle Garantie, flexible Anpassung<\/strong><\/h2>\n<ul>\n<li><strong>Auswahl des Verfahrens<\/strong>: Unterst\u00fctzt mehr als 20 Prozessanpassungen wie UV-Lackierung, Pr\u00e4gung, Einstellung der magnetischen Adsorptionsst\u00e4rke usw.<\/li>\n<li><strong>Anpassung der Gr\u00f6\u00dfe<\/strong>: Die Gr\u00f6\u00dfe der Schachtel kann an die verschiedenen Spezifikationen der Per\u00fcckenger\u00e4te angepasst werden. Die Mindestbestellmenge liegt bei nur 500 St\u00fcck, um den Bed\u00fcrfnissen kleiner und mittlerer Marken gerecht zu werden.<\/li>\n<li><strong>Kostenvorteil<\/strong>: Gro\u00dffl\u00e4chige Beschaffung von Rohstoffen, 15%-20% niedrigerer Preis als bei \u00e4hnlichen Produkten und eine Garantiezeit von bis zu 2 Jahren.<\/li>\n<\/ul>\n<h2 id=\"-customization-process-description-\"><strong>Beschreibung des Anpassungsprozesses<\/strong><\/h2>\n<ol>\n<li><strong>Kommunikation nachfragen<\/strong>: Geben Sie die Marke VI, die Produktgr\u00f6\u00dfe und die Funktionsanforderungen an (z. B. ob Magnetstreifen zur Diebstahlsicherung erforderlich sind).<\/li>\n<li><strong>3D-Proofing<\/strong>: Ausgabe physischer Musterkartons innerhalb von 72 Stunden zur Best\u00e4tigung der Struktur und der visuellen Effekte.<\/li>\n<li><strong>Massenproduktion<\/strong>: Wir drucken mit umweltfreundlicher Tinte auf Wasserbasis, liefern innerhalb von 7-14 Tagen und unterst\u00fctzen die globale Logistikverfolgung.<\/li>\n<\/ol>","protected":false},"excerpt":{"rendered":"<p>Das Design der Box mit Magnetdeckel ist einfach und elegant und gibt den Menschen ein Gef\u00fchl von Raffinesse. Die Box ist aus 1200 GSM Graupappe und 157 GSM beschichtetem Papier hergestellt. Die Struktur ist stabil und einfach, Ihre Per\u00fccke Haarentfernung Ger\u00e4t Verpackung zu sch\u00fctzen.<\/p>","protected":false},"featured_media":1104,"template":"","meta":{"_kad_post_transparent":"default","_kad_post_title":"","_kad_post_layout":"default","_kad_post_sidebar_id":"","_kad_post_content_style":"default","_kad_post_vertical_padding":"default","_kad_post_feature":"","_kad_post_feature_position":"","_kad_post_header":false,"_kad_post_footer":false,"_kad_post_classname":""},"product_brand":[],"product_cat":[15,28,27,17],"product_tag":[426,425,427],"class_list":{"0":"post-1103","1":"product","2":"type-product","3":"status-publish","4":"has-post-thumbnail","6":"product_cat-red-light-therapy","7":"product_cat-customize","8":"product_cat-red-light-therapy-belt","9":"product_cat-services","10":"product_tag-hair-removal-device-box","11":"product_tag-magnetic-hair-extensions-packaging-box","12":"product_tag-wig-magnetic-closure-box","14":"first","15":"instock","16":"shipping-taxable","17":"product-type-simple","18":"entry","19":"content-bg","20":"loop-entry"},"_links":{"self":[{"href":"https:\/\/red-lighttherapy.com\/de_de\/wp-json\/wp\/v2\/product\/1103","targetHints":{"allow":["GET"]}}],"collection":[{"href":"https:\/\/red-lighttherapy.com\/de_de\/wp-json\/wp\/v2\/product"}],"about":[{"href":"https:\/\/red-lighttherapy.com\/de_de\/wp-json\/wp\/v2\/types\/product"}],"wp:featuredmedia":[{"embeddable":true,"href":"https:\/\/red-lighttherapy.com\/de_de\/wp-json\/wp\/v2\/media\/1104"}],"wp:attachment":[{"href":"https:\/\/red-lighttherapy.com\/de_de\/wp-json\/wp\/v2\/media?parent=1103"}],"wp:term":[{"taxonomy":"product_brand","embeddable":true,"href":"https:\/\/red-lighttherapy.com\/de_de\/wp-json\/wp\/v2\/product_brand?post=1103"},{"taxonomy":"product_cat","embeddable":true,"href":"https:\/\/red-lighttherapy.com\/de_de\/wp-json\/wp\/v2\/product_cat?post=1103"},{"taxonomy":"product_tag","embeddable":true,"href":"https:\/\/red-lighttherapy.com\/de_de\/wp-json\/wp\/v2\/product_tag?post=1103"}],"curies":[{"name":"wp","href":"https:\/\/api.w.org\/{rel}","templated":true}]}}