{"id":1097,"date":"2025-04-16T08:13:37","date_gmt":"2025-04-16T08:13:37","guid":{"rendered":"https:\/\/red-lighttherapy.com\/?post_type=product&#038;p=1097"},"modified":"2025-04-16T08:41:20","modified_gmt":"2025-04-16T08:41:20","slug":"order-custom-paper-drawer-style-boxes-trader-for-electronic","status":"publish","type":"product","link":"https:\/\/red-lighttherapy.com\/de_de\/order-custom-paper-drawer-style-boxes-trader-for-electronic\/","title":{"rendered":"Bestellen Sie benutzerdefinierte Papier Schublade Stil Boxen Trader f\u00fcr elektronische"},"content":{"rendered":"<h2 id=\"1-color-scheme-\">1.\u00a0<strong>Farbschema<\/strong><\/h2>\n<p>Die dunkelgraue \u00e4u\u00dfere Schale ist mit einer schwarzen inneren Schachtel kombiniert, um einen visuellen Kontrast zu bilden. Die dunkelgraue Hauptfarbe vermittelt eine zur\u00fcckhaltende und best\u00e4ndige Gesch\u00e4ftsstruktur, und die schwarze Einlage verst\u00e4rkt den Effekt der Produktpr\u00e4sentation durch den Farbkontrast, der den Blick fokussieren kann, sobald der Karton ge\u00f6ffnet wird.<\/p>\n<h2 id=\"2-drawer-type-structure-\">2.\u00a0<strong>Schubladenartige Struktur<\/strong><\/h2>\n<p>Das klassische Auszugsdesign orientiert sich an der industriellen \u00c4sthetik. Der Kastenk\u00f6rper und die Schublade sind mit pr\u00e4zisen Toleranzen aufeinander abgestimmt. Das F\u00fchrungsschienensystem bleibt auch nach 5.000 \u00d6ffnungs- und Schlie\u00dftests reibungslos. Die H\u00fclse des Kastens hat eine r\u00f6hrenf\u00f6rmige Faltstruktur, um die Druckfestigkeit zu erh\u00f6hen, und die Schubladenkante ist abgerundet, um Kratzer zu vermeiden.<\/p>\n<h2 id=\"3-substrate-selection-\">3.\u00a0<strong>Auswahl des Substrats<\/strong><\/h2>\n<p>Die Au\u00dfenh\u00fclle besteht aus 1,5 mm starker Graupappe (FSC-zertifiziertes umweltfreundliches Material), und die Oberfl\u00e4che ist mit 120 g dunkelgrauem Spezialpapier mit Anti-Fingerprint-Beschichtung beschichtet. Der Innenkarton besteht aus 0,8mm Doppelgraupappe und schwarzem, matt beschichtetem Papier, mit einer Biegefestigkeit von 15N-m\u00b2\/g und kann 5kg ohne Verformung tragen.<\/p>\n<h2 id=\"4-printing-process-\">4.\u00a0<strong>Druckverfahren<\/strong><\/h2>\n<p>Unterst\u00fctzt 12 Verfahrenskombinationen, darunter Hei\u00dfpr\u00e4gung Gold\/Silber, partielle UV-Bestrahlung, Pr\u00e4gung usw. Das LOGO kann mit einem dreidimensionalen Reliefverfahren gepr\u00e4gt werden, und die Metallic-Farbe hat die EU-Sicherheitszertifizierung EN71-3 bestanden.<\/p>\n<h2 id=\"5-modular-lining-\">5.\u00a0<strong>Modulares Futter<\/strong><\/h2>\n<p>Bietet 6 Materialoptionen, einschlie\u00dflich EVA-Schaum, Perlwatte, Beflockung usw. Die Produktkonturdaten werden durch 3D-Scannen erzeugt, und die CNC-Schneidegenauigkeit erreicht \u00b10,2 mm, was f\u00fcr speziell geformte elektronische Produkte geeignet ist. Das mehrschichtige Trennwanddesign kann den Host, das Zubeh\u00f6r und die Anleitung gleichzeitig befestigen.<\/p>\n<h2 id=\"6-seismic-performance-\">6.\u00a0<strong>Seismische Leistung<\/strong><\/h2>\n<p>Die EVA-Auskleidung wurde von ISTA 3A Transport getestet und kann den Aufprall eines Sturzes aus 1,2 m H\u00f6he abfedern. Die R\u00fcckprallrate des Schaums betr\u00e4gt &gt;90%, und die Verformungsrate liegt bei &lt;5% nach 100.000 kontinuierlichen Kompressionen.<\/p>","protected":false},"excerpt":{"rendered":"<p>Die Box ist mit einer klassischen Papierschublade konzipiert, die den Kunden eine reibungslose Entnahme der Produkte erm\u00f6glicht. Die Gesamtfarbe ist dunkelgrau, die zur\u00fcckhaltend, ruhig und modisch ist.<\/p>","protected":false},"featured_media":1098,"template":"","meta":{"_kad_post_transparent":"default","_kad_post_title":"","_kad_post_layout":"default","_kad_post_sidebar_id":"","_kad_post_content_style":"default","_kad_post_vertical_padding":"default","_kad_post_feature":"","_kad_post_feature_position":"","_kad_post_header":false,"_kad_post_footer":false,"_kad_post_classname":""},"product_brand":[],"product_cat":[15,20,17],"product_tag":[422,423,424],"class_list":{"0":"post-1097","1":"product","2":"type-product","3":"status-publish","4":"has-post-thumbnail","6":"product_cat-red-light-therapy","7":"product_cat-led-face-light-therapy","8":"product_cat-services","9":"product_tag-custom-electronic-boxes","10":"product_tag-drawer-style-boxes-for-electronic","11":"product_tag-order-electronic-paper-boxes","13":"first","14":"instock","15":"shipping-taxable","16":"product-type-simple","17":"entry","18":"content-bg","19":"loop-entry"},"_links":{"self":[{"href":"https:\/\/red-lighttherapy.com\/de_de\/wp-json\/wp\/v2\/product\/1097","targetHints":{"allow":["GET"]}}],"collection":[{"href":"https:\/\/red-lighttherapy.com\/de_de\/wp-json\/wp\/v2\/product"}],"about":[{"href":"https:\/\/red-lighttherapy.com\/de_de\/wp-json\/wp\/v2\/types\/product"}],"wp:featuredmedia":[{"embeddable":true,"href":"https:\/\/red-lighttherapy.com\/de_de\/wp-json\/wp\/v2\/media\/1098"}],"wp:attachment":[{"href":"https:\/\/red-lighttherapy.com\/de_de\/wp-json\/wp\/v2\/media?parent=1097"}],"wp:term":[{"taxonomy":"product_brand","embeddable":true,"href":"https:\/\/red-lighttherapy.com\/de_de\/wp-json\/wp\/v2\/product_brand?post=1097"},{"taxonomy":"product_cat","embeddable":true,"href":"https:\/\/red-lighttherapy.com\/de_de\/wp-json\/wp\/v2\/product_cat?post=1097"},{"taxonomy":"product_tag","embeddable":true,"href":"https:\/\/red-lighttherapy.com\/de_de\/wp-json\/wp\/v2\/product_tag?post=1097"}],"curies":[{"name":"wp","href":"https:\/\/api.w.org\/{rel}","templated":true}]}}