{"id":1091,"date":"2025-04-16T07:58:12","date_gmt":"2025-04-16T07:58:12","guid":{"rendered":"https:\/\/red-lighttherapy.com\/?post_type=product&#038;p=1091"},"modified":"2025-04-16T08:13:25","modified_gmt":"2025-04-16T08:13:25","slug":"agency-luxury-lid-and-base-box-for-clothing-sock-packaging","status":"publish","type":"product","link":"https:\/\/red-lighttherapy.com\/de_de\/agency-luxury-lid-and-base-box-for-clothing-sock-packaging\/","title":{"rendered":"Agentur Luxus-Deckel und Boden-Box f\u00fcr Kleidung Socken Verpackung"},"content":{"rendered":"<h2 id=\"-product-instructions-for-the-agent-of-luxury-clothing-and-socks-packaging-heaven-and-earth-box-\">Agentur Luxus-Deckel und Boden-Box f\u00fcr Kleidung Socke Verpackung Produkt-Beschreibung<\/h2>\n<h2 id=\"-1-visual-presentation-a-balance-between-simplicity-and-luxury-\"><strong>1. Visuelle Pr\u00e4sentation: Ein Gleichgewicht zwischen Schlichtheit und Luxus<\/strong><\/h2>\n<ul>\n<li><strong>Farbanpassung und Logo<\/strong>: Der Schachtelk\u00f6rper ist mit mattschwarzem Spezialpapier \u00fcberzogen, die Oberfl\u00e4che ist zart; das Logo ist gepr\u00e4gt oder hei\u00dfgepr\u00e4gt (optional), und der einfarbige Mikropr\u00e4geeffekt wird verwendet, um den Wiedererkennungswert der Marke zu erh\u00f6hen, die St\u00f6rung durch komplexe Farben zu vermeiden und dem zur\u00fcckhaltenden Temperament hochwertiger Marken zu entsprechen.<\/li>\n<li><strong>Modellierungssprache<\/strong>: Die quadratische Schachtel hat saubere Linien und keine \u00fcberfl\u00fcssigen Verzierungen. Die Textur des Papiers und die Licht- und Schattenebenen betonen die Textur und unterstreichen die Designphilosophie \"weniger ist mehr\".<\/li>\n<\/ul>\n<h2 id=\"-2-structure-and-opening-and-closing-experience-\"><strong>2. Struktur und Erfahrung bei Er\u00f6ffnung und Abschluss<\/strong><\/h2>\n<ul>\n<li><strong>Kopf- und Erddeckelgestaltung<\/strong>: Die oberen und unteren Abdeckungen passen genau, das \u00d6ffnen und Schlie\u00dfen ist reibungslos und stabil. Beim \u00d6ffnen gleitet der Deckel ganz nat\u00fcrlich ab und gibt den Blick auf das Innenleben frei. Das gibt dem Auspacken ein rituelles Gef\u00fchl wie bei einer Geschenkverpackung und verbessert das Erlebnis der ersten Ber\u00fchrung f\u00fcr den Kunden.<\/li>\n<li><strong>Belastbarkeit und Langlebigkeit<\/strong>: Das 120 g schwere Spezialpapier ist mit 1,5 mm dicker Pappe \u00fcberzogen, die eine 1,2-fache Druckfestigkeit gegen\u00fcber dem Industriestandard aufweist, so dass es sich w\u00e4hrend des Transports und der langfristigen Lagerung nicht verformt.<\/li>\n<\/ul>\n<h2 id=\"-3-material-and-process-details-\"><strong>3. Angaben zu Material und Verfahren<\/strong><\/h2>\n<ul>\n<li><strong>\u00c4u\u00dferes Material des Kartons<\/strong>: Die Oberfl\u00e4che des Spezialpapiers ist kratzfest, resistent gegen Fingerabdr\u00fccke und leicht zu reinigen; f\u00fcr die Kernschicht aus Pappe werden umweltfreundliche, FSC-zertifizierte Materialien verwendet, was dem Konzept der Nachhaltigkeit entspricht.<\/li>\n<li><strong>Ma\u00dfgeschneidertes Futter<\/strong>: EVA-Schwamm, Perlenwatte oder Beflockung und andere Optionen, und kann Rillen entsprechend der Gr\u00f6\u00dfe der Socken anpassen, um die doppelte Funktion der Produktfixierung und Sto\u00dfschutz zu erreichen, geeignet f\u00fcr Einzel- und Doppelpackungen, Geschenk-Box-Sets und andere Bed\u00fcrfnisse.<\/li>\n<\/ul>\n<h2 id=\"-4-customized-service-\"><strong>4. Ma\u00dfgeschneiderter Service<\/strong><\/h2>\n<ul>\n<li><strong>Flexibilit\u00e4t beim Drucken<\/strong>: Unterst\u00fctzt UV-Druck, Siebdruck oder Hei\u00dfpr\u00e4gung von Logos, Markenslogans und Mustern und kann Pantone-Schmuckfarben anpassen, um visuelle Konsistenz zu gew\u00e4hrleisten.<\/li>\n<li><strong>Anpassung der Gr\u00f6\u00dfe<\/strong>: Passen Sie die Gr\u00f6\u00dfe der Schachtel an die Produktspezifikationen des Kunden an (z. B. L\u00e4nge und H\u00f6he der Socken), mit einer Mindestbestellmenge von 500 St\u00fcck, um den Anforderungen kleiner und mittlerer Serien gerecht zu werden.<\/li>\n<\/ul>\n<h2 id=\"-5-quality-assurance-system-\"><strong>5. Qualit\u00e4tssicherungssystem<\/strong><\/h2>\n<ul>\n<li><strong>Produktionsstandard<\/strong>: Wir st\u00fctzen uns auf 16 Jahre Erfahrung in der Druck- und Verpackungsindustrie und verwenden vollautomatische Stanzmaschinen und Qualit\u00e4tskontrollsysteme, um sicherzustellen, dass der Fehler des Schachtelk\u00f6rpers \u22640,5 mm betr\u00e4gt und die Qualifikationsrate der fertigen Produkte 99,8% erreicht.<\/li>\n<li><strong>Verpflichtung zur Dienstleistung<\/strong>: Vollst\u00e4ndige Nachverfolgung von der Entwurfspr\u00fcfung bis zur Serienlieferung, 30-t\u00e4gige R\u00fcckgabe- und Umtauschm\u00f6glichkeit ohne Qualit\u00e4tseinbu\u00dfen und Reaktion auf individuelle Anforderungen innerhalb von 72 Stunden.<\/li>\n<\/ul>\n<h2 id=\"-6-application-scenarios-\"><strong>6. Anwendungsszenarien<\/strong><\/h2>\n<ul>\n<li><strong>Hochwertiger Einzelhandel<\/strong>: Als Markengesch\u00e4ft Display-Verpackung, verbessern die Attraktivit\u00e4t des Regals.<\/li>\n<li><strong>Geschenkemarkt<\/strong>: Mit Schleifen oder G\u00fcrtelsiegeln k\u00f6nnen Sie Geschenkboxen f\u00fcr den Urlaub aufwerten, um den Wert der Geschenke zu steigern.<\/li>\n<li><strong>Logistik f\u00fcr den elektronischen Handel<\/strong>: Optimierung des seismischen Aufbaus, Verringerung der Transportverluste und Senkung der Kundendienstkosten.<\/li>\n<\/ul>","protected":false},"excerpt":{"rendered":"<p>Diese Schachtel mit Deckel und Boden ist f\u00fcr hochwertige Kleidung und Accessoires gedacht. Sie kombiniert eine schlichte \u00c4sthetik mit praktischen Funktionen, um eine Verpackungsl\u00f6sung zu schaffen, die sowohl einen Sinn f\u00fcr Zeremonien als auch f\u00fcr Qualit\u00e4t hat. Der Schachtelk\u00f6rper hat eine klassische Deckelstruktur mit einer schwarzen Hauptfarbe und einem Markenlogo. Sie verwendet eine minimalistische Designsprache, um einen zur\u00fcckhaltenden und luxuri\u00f6sen Markenton zu vermitteln, der sich f\u00fcr Luxusg\u00fcter, leichte Luxuskleidung und Geschenkszenen eignet.<\/p>","protected":false},"featured_media":1095,"template":"","meta":{"_kad_post_transparent":"default","_kad_post_title":"","_kad_post_layout":"default","_kad_post_sidebar_id":"","_kad_post_content_style":"default","_kad_post_vertical_padding":"default","_kad_post_feature":"","_kad_post_feature_position":"","_kad_post_header":false,"_kad_post_footer":false,"_kad_post_classname":""},"product_brand":[],"product_cat":[15,30,19,17],"product_tag":[421,419,420],"class_list":{"0":"post-1091","1":"product","2":"type-product","3":"status-publish","4":"has-post-thumbnail","6":"product_cat-red-light-therapy","7":"product_cat-dropshipping","8":"product_cat-red-light-therapy-stand","9":"product_cat-services","10":"product_tag-custom-clothing-sock-packaging","11":"product_tag-lid-and-base-box-for-clothing","12":"product_tag-lid-and-base-box-for-sock","14":"first","15":"instock","16":"shipping-taxable","17":"product-type-simple","18":"entry","19":"content-bg","20":"loop-entry"},"_links":{"self":[{"href":"https:\/\/red-lighttherapy.com\/de_de\/wp-json\/wp\/v2\/product\/1091","targetHints":{"allow":["GET"]}}],"collection":[{"href":"https:\/\/red-lighttherapy.com\/de_de\/wp-json\/wp\/v2\/product"}],"about":[{"href":"https:\/\/red-lighttherapy.com\/de_de\/wp-json\/wp\/v2\/types\/product"}],"wp:featuredmedia":[{"embeddable":true,"href":"https:\/\/red-lighttherapy.com\/de_de\/wp-json\/wp\/v2\/media\/1095"}],"wp:attachment":[{"href":"https:\/\/red-lighttherapy.com\/de_de\/wp-json\/wp\/v2\/media?parent=1091"}],"wp:term":[{"taxonomy":"product_brand","embeddable":true,"href":"https:\/\/red-lighttherapy.com\/de_de\/wp-json\/wp\/v2\/product_brand?post=1091"},{"taxonomy":"product_cat","embeddable":true,"href":"https:\/\/red-lighttherapy.com\/de_de\/wp-json\/wp\/v2\/product_cat?post=1091"},{"taxonomy":"product_tag","embeddable":true,"href":"https:\/\/red-lighttherapy.com\/de_de\/wp-json\/wp\/v2\/product_tag?post=1091"}],"curies":[{"name":"wp","href":"https:\/\/api.w.org\/{rel}","templated":true}]}}