{"id":1080,"date":"2025-04-16T07:33:52","date_gmt":"2025-04-16T07:33:52","guid":{"rendered":"https:\/\/red-lighttherapy.com\/?post_type=product&#038;p=1080"},"modified":"2025-04-16T07:57:50","modified_gmt":"2025-04-16T07:57:50","slug":"top-and-bottom-packaging-boxes-vendor-for-phone-accessories","status":"publish","type":"product","link":"https:\/\/red-lighttherapy.com\/de_de\/top-and-bottom-packaging-boxes-vendor-for-phone-accessories\/","title":{"rendered":"Obere und untere Verpackungsschachteln Verk\u00e4ufer f\u00fcr Telefonzubeh\u00f6r"},"content":{"rendered":"<h2 id=\"-mobile-phone-accessories-box-packaging-solution-\"><strong>Verpackungsl\u00f6sung f\u00fcr Mobiltelefonzubeh\u00f6r<\/strong><\/h2>\n<h2 id=\"-i-core-material-environmentally-friendly-and-stable-\"><strong>1. Kernmaterial: umweltfreundlich und stabil<\/strong><\/h2>\n<p><strong>Doppeltes Kupferpapier von mehr als 300g<\/strong>\u00a0wird als Oberfl\u00e4chenpapier verwendet, und\u00a0<strong>einseitig wei\u00dfe Graupappe hoher Dichte<\/strong>\u00a0wird als Basis verwendet, um eine solide und stabile Boxstruktur zu schaffen. Die Oberfl\u00e4che des Kupferpapiers ist glatt und empfindlich, mit einer hohen Farbwiedergabe, die f\u00fcr klare und helle Druckmuster sorgt; die Graupappe bietet eine ausgezeichnete Druckbest\u00e4ndigkeit und Haltbarkeit, um Mobiltelefonzubeh\u00f6r (wie Ladeger\u00e4te, Datenkabel, Kopfh\u00f6rer usw.) effektiv zu fixieren und so Ersch\u00fctterungen und Kollisionen w\u00e4hrend des Transports zu vermeiden. Alle Materialien entsprechen den Umweltschutzstandards, unterst\u00fctzen Recycling und Wiederverwendung und entsprechen dem Trend zu umweltfreundlichen Verpackungen.<\/p>\n<h2 id=\"-ii-appearance-design-simple-and-atmospheric-the-brand-image-is-vivid-on-the-box-\"><strong>2. Aussehen Design: einfach und stimmungsvoll, das Markenbild ist lebendig auf der Box<\/strong><\/h2>\n<ol>\n<li>Der Kofferaufbau basiert auf\u00a0<strong>Reines Wei\u00df<\/strong>\u00a0und beschlie\u00dft\u00a0<strong>Vier-Farben-Druck (CMYK) Technologie<\/strong>\u00a0um das Logo und die grafischen Informationen des Kunden genau darzustellen und die Farbs\u00e4ttigung und Detailschichtung zu gew\u00e4hrleisten.<\/li>\n<li>Unterst\u00fctzung\u00a0<strong>Farbverlauf, Volltonfarbe, Hei\u00dfpr\u00e4gung<\/strong>\u00a0und andere spezielle Verfahren, wie z. B. die Verst\u00e4rkung des lokalen Glanzes durch UV-Druck oder die Verwendung von Pr\u00e4getechniken, um den dreidimensionalen Sinn des Markenlogos hervorzuheben.<\/li>\n<li>Die Oberfl\u00e4che der oberen und unteren K\u00e4sten ist mit\u00a0<strong>matte Folienkaschierungstechnologie<\/strong>\u00a0um die Verschlei\u00dffestigkeit und die Antifouling-Leistung zu verbessern, und es ist nicht leicht, Fingerabdr\u00fccke oder Kratzer im t\u00e4glichen Gebrauch zu hinterlassen, w\u00e4hrend die Textur des Geh\u00e4uses verbessert wird.<\/li>\n<\/ol>\n<h2 id=\"-three-structural-optimization-humanized-opening-and-closing-and-adaptability-\"><strong>3. Strukturelle Optimierung: humanisiertes \u00d6ffnen und Schlie\u00dfen und Anpassungsf\u00e4higkeit<\/strong><\/h2>\n<ol>\n<li><strong>Leicht zu \u00f6ffnen und zu schlie\u00dfen<\/strong>: Die Schachtelabdeckung und der Schachtelboden sind mit einer Pr\u00e4zisionsstanztechnik versehen, und die Luftverlangsamung sorgt daf\u00fcr, dass der Schachtelboden beim \u00d6ffnen der Schachtel sanft herunterf\u00e4llt (siehe die patentierte Struktur von Apple).<\/li>\n<li><strong>Seitliche Fingerstellung<\/strong>: Die Seite ist mit einer bogenf\u00f6rmigen Rille versehen, die sich leicht mit einer Hand \u00f6ffnen l\u00e4sst, um die Benutzerfreundlichkeit zu verbessern.<\/li>\n<li>Bereitstellung von\u00a0<strong>quadratisch, sechseckig, schubladenartig, magnetisch saugend<\/strong>\u00a0und andere Boxentypen, um sich an verschiedene Zubeh\u00f6rgr\u00f6\u00dfen und Ausstellungsanforderungen anzupassen. Zum Beispiel:<\/li>\n<li><strong>Schubladenbox<\/strong>: Das Side-Pull-Design eignet sich f\u00fcr Kombinations-Sets mit mehreren Zubeh\u00f6rteilen und l\u00e4sst sich leicht einordnen und aufbewahren.<\/li>\n<li><strong>Magnetische Schnallenbox<\/strong>: Die beste Wahl f\u00fcr High-End-Modelle, mit einem stabilen Verschluss und einem starken Gef\u00fchl der Zeremonie.<\/li>\n<\/ol>\n<h2 id=\"-fourth-customized-service-flexibly-meet-personalized-needs-\"><strong>4. Ma\u00dfgeschneiderter Service: Flexibel auf individuelle Bed\u00fcrfnisse eingehen<\/strong><\/h2>\n<ol>\n<li>Unterst\u00fctzt die individuelle Gestaltung der gesamten Schachteloberfl\u00e4che, die mit Markengeschichten, Produktparametern oder k\u00fcnstlerischen Illustrationen integriert werden kann. Zum Beispiel:<\/li>\n<li><strong>Teilweise Aush\u00f6hlung<\/strong>: Mit einem transparenten Fenster zur Anzeige von Zubeh\u00f6rdetails.<\/li>\n<li><strong>Kulturelle Elemente<\/strong>: Kombiniert mit der Hei\u00dfpr\u00e4getechnik, um traditionelle Muster zu pr\u00e4sentieren und den Produktton hervorzuheben.<\/li>\n<li>Passen Sie die Struktur des Futters an die Gr\u00f6\u00dfe des Zubeh\u00f6rs an (z. B. kabellose Kopfh\u00f6rer, mobile Netzteile) und verwenden Sie\u00a0<strong>EVA-Blisterschalen oder Wabenkarton<\/strong>\u00a0um das Produkt zu befestigen, wobei sowohl der Schutz als auch das geringe Gewicht ber\u00fccksichtigt werden.<\/li>\n<\/ol>\n<h2 id=\"-v-production-capacity-and-quality-control-guarantee-\"><strong>5. Garantie f\u00fcr Produktionskapazit\u00e4t und Qualit\u00e4tskontrolle<\/strong><\/h2>\n<ol>\n<li>Mit\u00a0<strong>5.320 Quadratmeter moderne Werkstatt<\/strong>Ausgestattet mit vollautomatischen Stanzmaschinen, UV-Drucklinien und umweltfreundlichen Kaschieranlagen wird eine t\u00e4gliche Produktionskapazit\u00e4t von mehr als 100.000 St\u00fcck erreicht, und der Lieferzyklus verk\u00fcrzt sich auf\u00a0<strong>15-20 Arbeitstage<\/strong>.<\/li>\n<li>Von der Lagerung der Rohstoffe bis zur Auslieferung der fertigen Produkte setzen wir\u00a0<strong>sechsstufige Qualit\u00e4tspr\u00fcfungsverfahren<\/strong>einschlie\u00dflich Farbunterschiedserkennung (\u0394E\u22641,5), Falltest (1,5 Meter H\u00f6he ohne Besch\u00e4digung), Feuchtigkeits- und Wetterbest\u00e4ndigkeitstest usw.<\/li>\n<\/ol>\n<h2 id=\"-vi-application-scenarios-and-case-studies-\"><strong>6. Anwendungsszenarien und Fallstudien<\/strong><\/h2>\n<ul>\n<li><strong>Hochwertiges Zubeh\u00f6r<\/strong>: wie drahtlose Bluetooth-Headset-Box nimmt magnetische Saug-Box + Hei\u00dfpr\u00e4gung Logo-Design, um die unboxing Erfahrung zu verbessern.<\/li>\n<li><strong>Umweltfreundliches Set<\/strong>: Verwendung von abbaubarem Graukarton und Farbdruck, im Einklang mit dem Konzept der nachhaltigen Entwicklung.<\/li>\n<\/ul>\n<h2 id=\"-choose-us-you-will-get-\"><strong>Wenn Sie uns w\u00e4hlen, erhalten Sie:<\/strong><\/h2>\n<p>\u2705\u00a0<strong>Professionelles Designteam<\/strong>: 1 zu 1 Service von der Bedarfsmeldung bis zur Druckbest\u00e4tigung. \u2705\u00a0<strong>Effiziente Lieferung<\/strong>: Expedited Bestellungen k\u00f6nnen in so schnell wie 7 Tage versandt werden, unterst\u00fctzt globale Logistik-Tracking. \u2705\u00a0<strong>Kostenoptimierung<\/strong>: Gro\u00dffl\u00e4chige Beschaffung und schlanke Produktion, 15%-20% niedriger als der durchschnittliche Marktpreis.<\/p>","protected":false},"excerpt":{"rendered":"<p>Die Farbe des Deckels und des Bodens ist reinwei\u00df, und das Logo des Kunden wird im Vierfarbendruckverfahren pr\u00e4zise aufgedruckt. Dieses Design schafft einen einfachen und eleganten Gesamtstil. Es werden hochwertige Materialien gew\u00e4hlt, mit gestrichenem Papier als Obermaterial und einseitig wei\u00dfem Graukarton als Untermaterial. Der Schachtelk\u00f6rper ist solide und stabil, und das Produkt l\u00e4sst sich zuverl\u00e4ssig befestigen.<\/p>","protected":false},"featured_media":1089,"template":"","meta":{"_kad_post_transparent":"default","_kad_post_title":"","_kad_post_layout":"default","_kad_post_sidebar_id":"","_kad_post_content_style":"default","_kad_post_vertical_padding":"default","_kad_post_feature":"","_kad_post_feature_position":"","_kad_post_header":false,"_kad_post_footer":false,"_kad_post_classname":""},"product_brand":[],"product_cat":[15,19,17],"product_tag":[417,418,416],"class_list":{"0":"post-1080","1":"product","2":"type-product","3":"status-publish","4":"has-post-thumbnail","6":"product_cat-red-light-therapy","7":"product_cat-red-light-therapy-stand","8":"product_cat-services","9":"product_tag-phone-accessories-packaging-boxes","10":"product_tag-phone-packaging-boxes-vendor","11":"product_tag-top-and-bottom-packaging-boxes","13":"first","14":"instock","15":"shipping-taxable","16":"product-type-simple","17":"entry","18":"content-bg","19":"loop-entry"},"_links":{"self":[{"href":"https:\/\/red-lighttherapy.com\/de_de\/wp-json\/wp\/v2\/product\/1080","targetHints":{"allow":["GET"]}}],"collection":[{"href":"https:\/\/red-lighttherapy.com\/de_de\/wp-json\/wp\/v2\/product"}],"about":[{"href":"https:\/\/red-lighttherapy.com\/de_de\/wp-json\/wp\/v2\/types\/product"}],"wp:featuredmedia":[{"embeddable":true,"href":"https:\/\/red-lighttherapy.com\/de_de\/wp-json\/wp\/v2\/media\/1089"}],"wp:attachment":[{"href":"https:\/\/red-lighttherapy.com\/de_de\/wp-json\/wp\/v2\/media?parent=1080"}],"wp:term":[{"taxonomy":"product_brand","embeddable":true,"href":"https:\/\/red-lighttherapy.com\/de_de\/wp-json\/wp\/v2\/product_brand?post=1080"},{"taxonomy":"product_cat","embeddable":true,"href":"https:\/\/red-lighttherapy.com\/de_de\/wp-json\/wp\/v2\/product_cat?post=1080"},{"taxonomy":"product_tag","embeddable":true,"href":"https:\/\/red-lighttherapy.com\/de_de\/wp-json\/wp\/v2\/product_tag?post=1080"}],"curies":[{"name":"wp","href":"https:\/\/api.w.org\/{rel}","templated":true}]}}