{"id":1074,"date":"2025-04-16T07:17:06","date_gmt":"2025-04-16T07:17:06","guid":{"rendered":"https:\/\/red-lighttherapy.com\/?post_type=product&#038;p=1074"},"modified":"2025-04-16T07:33:44","modified_gmt":"2025-04-16T07:33:44","slug":"custom-black-slide-drawer-t-shirt-clothes-packaging-dealers","status":"publish","type":"product","link":"https:\/\/red-lighttherapy.com\/de_de\/custom-black-slide-drawer-t-shirt-clothes-packaging-dealers\/","title":{"rendered":"Custom Black Slide Schublade T-Shirt Kleidung Verpackung H\u00e4ndler"},"content":{"rendered":"<h2 id=\"-customized-black-drawer-style-t-shirt-clothing-packaging-solution-\"><strong>Ma\u00dfgeschneiderte schwarze T-Shirt-Verpackungsl\u00f6sung im Schubladenstil<\/strong><\/h2>\n<h2 id=\"1-advanced-materials-and-craftsmanship-\">1.\u00a0<strong>Fortschrittliche Materialien und Handwerkskunst<\/strong><\/h2>\n<ul>\n<li><strong>Kombination aus Spezialpapier und Graukarton<\/strong>: F\u00fcr die \u00e4u\u00dfere Verpackung wird ein strukturiertes 120G-Spezialpapier verwendet, das eine zarte und geschichtete Oberfl\u00e4che hat, und mit einer 1200G-Graupappe mit hoher Dichte gepaart ist, um sicherzustellen, dass die Schachtel steif und druckfest ist, wobei sowohl die optische Struktur als auch die Schutzleistung ber\u00fccksichtigt werden.<\/li>\n<li><strong>Segen der Bronzepr\u00e4getechnik<\/strong>: Die Oberfl\u00e4che ist mit einer dreidimensionalen Goldpr\u00e4getechnik versehen, und das Markenlogo oder -muster springt mit einem metallischen Glanz auf das Papier, wodurch ein \"goldenes\", luxuri\u00f6ses Erscheinungsbild entsteht, das den Wiedererkennungswert und die Tonalit\u00e4t der Marke erh\u00f6ht.<\/li>\n<\/ul>\n<h2 id=\"2-drawer-style-structure-design-\">2.\u00a0<strong>Struktur mit Schubladencharakter<\/strong><\/h2>\n<ul>\n<li><strong>Zeremonie und Komfort koexistieren<\/strong>: Die Form des Schubladenkastens ist vom klassischen Aufbewahrungsdesign inspiriert, und der Auszug ist glatt und weich. Der \u00d6ffnungs- und Schlie\u00dfvorgang vermittelt dem Benutzer das Gef\u00fchl einer \"Unboxing-Zeremonie\" und erleichtert gleichzeitig das wiederholte Aufbewahren und Herausholen von T-Shirts. Die Struktur der Box wurde genau berechnet, um sicherzustellen, dass die Schublade und die \u00e4u\u00dfere Box fest miteinander verbunden sind, um eine Lockerung zu vermeiden.<\/li>\n<li><strong>Ergonomische Passform<\/strong>: Passen Sie die Gr\u00f6\u00dfe der Schachtel an das Faltma\u00df des T-Shirts an, und empfehlen Sie eine ein- oder mehrschichtige Schubladenstruktur (z. B. mehrteilige Geschenkschachteln), die sich f\u00fcr Werbegeschenke, den Verkauf von limitierten Auflagen und andere Szenarien eignet.<\/li>\n<\/ul>\n<h2 id=\"3-environmental-certification-and-sustainable-concept-\">3.\u00a0<strong>Umweltzertifizierung und nachhaltiges Konzept<\/strong><\/h2>\n<ul>\n<li><strong>FSC-Waldzertifizierung<\/strong>: Alle Verpackungsmaterialien sind FSC-zertifiziert, um sicherzustellen, dass die Papierquelle den Standards f\u00fcr nachhaltige Forstwirtschaft entspricht und die Anforderungen hochwertiger Marken an Umweltschutz und soziale Verantwortung erf\u00fcllt.<\/li>\n<li><strong>Recycelbare Ausf\u00fchrung<\/strong>: Verwendung von umweltfreundlichem Klebstoff und abbaubarer Hei\u00dfpr\u00e4gefolie, die sowohl der Sch\u00f6nheit als auch dem Umweltschutz Rechnung tragen und der Marke helfen, gr\u00fcne Werte zu vermitteln.<\/li>\n<\/ul>\n<h2 id=\"4-service-system-and-advantages-\">4.\u00a0<strong>Dienstleistungssystem und Vorteile<\/strong><\/h2>\n<ul>\n<li><strong>Professionelle Eins-zu-Eins-L\u00f6sung<\/strong>: Von der T-Shirt-Gr\u00f6\u00dfe \u00fcber den Markenton bis hin zu Verwendungsszenarien (z. B. Geschenkboxen f\u00fcr Feiertage, gemeinsame Verk\u00e4ufe) bieten wir ma\u00dfgeschneiderte Vorschl\u00e4ge f\u00fcr die Art der Box, den Prozess und das visuelle Design, um die Anpassungsf\u00e4higkeit von Produkten und Verpackungen zu verbessern.<\/li>\n<li><strong>Blitzlieferung garantiert<\/strong>: Mit intelligenten Produktionslinien (z. B. Laserschneiden und Formpressen) k\u00f6nnen wir kleine bis gro\u00dfe Serien von Auftr\u00e4gen unterst\u00fctzen und innerhalb von 72 Stunden ausliefern. Eine umfassende Qualit\u00e4tskontrolle gew\u00e4hrleistet, dass das fertige Produkt einwandfrei ist.<\/li>\n<li><strong>Hohe Kosteneffizienz<\/strong>: Kostenreduzierung durch Optimierung der Prozesskombination (z. B. partielle Hei\u00dfpr\u00e4gung + einfaches Spezialpapier) bei gleichzeitiger Beibehaltung der hochwertigen Textur, geeignet f\u00fcr die unterschiedlichen Bed\u00fcrfnisse von Start-up-Marken bis hin zu Luxusg\u00fctern.<\/li>\n<\/ul>\n<h2 id=\"5-application-scenarios-and-cases-\">5.\u00a0<strong>Anwendungsszenarien und -f\u00e4lle<\/strong><\/h2>\n<ul>\n<li><strong>Luxuri\u00f6se Gelenkmodelle<\/strong>: Schwarze Hei\u00dfpr\u00e4ge-Schubladenbox mit matt strukturiertem Papier unterstreicht die Seltenheit und den Sammlerwert von T-Shirts in limitierter Auflage (Referenzfall: LV Hardbox-Verpackungsdesignlogik).<\/li>\n<li><strong>Feiertags-Geschenkset<\/strong>: Die mehrschichtige Schubladenstruktur bietet Platz f\u00fcr T-Shirts und Accessoires, und der versteckte Aufdruck auf der R\u00fcckseite kann mit weihnachtlichen Motiven versehen werden, um die \u00dcberraschung beim Auspacken zu erh\u00f6hen.<\/li>\n<li><strong>Marken-Blitzveranstaltung<\/strong>: Kombinieren Sie eine leuchtende Hei\u00dfpr\u00e4gung oder eine temperaturempfindliche Farbwechseltechnologie (wie das leuchtende Stadiondesign von SOULGOODS), um interaktive Verpackungen zu schaffen, die junge Verbraucher zum Fotografieren und Weitergeben anregen.<\/li>\n<\/ul>","protected":false},"excerpt":{"rendered":"<p>Papier Schublade Box, leicht zu ziehen und bequemer, aus hochwertigem strukturiertem Spezialpapier, die geheimnisvolle Reihe von High-End-Gef\u00fchl, das Material verwendet wird 120G strukturiertem Spezialpapier und 1200G starren Karton, stark und langlebig<\/p>","protected":false},"featured_media":1078,"template":"","meta":{"_kad_post_transparent":"default","_kad_post_title":"","_kad_post_layout":"default","_kad_post_sidebar_id":"","_kad_post_content_style":"default","_kad_post_vertical_padding":"default","_kad_post_feature":"","_kad_post_feature_position":"","_kad_post_header":false,"_kad_post_footer":false,"_kad_post_classname":""},"product_brand":[],"product_cat":[15,30,20,17],"product_tag":[414,415,413],"class_list":{"0":"post-1074","1":"product","2":"type-product","3":"status-publish","4":"has-post-thumbnail","6":"product_cat-red-light-therapy","7":"product_cat-dropshipping","8":"product_cat-led-face-light-therapy","9":"product_cat-services","10":"product_tag-clothes-packaging-dealers","11":"product_tag-custom-black-clothes-box","12":"product_tag-drawer-t-shirt-packaging","14":"first","15":"instock","16":"shipping-taxable","17":"product-type-simple","18":"entry","19":"content-bg","20":"loop-entry"},"_links":{"self":[{"href":"https:\/\/red-lighttherapy.com\/de_de\/wp-json\/wp\/v2\/product\/1074","targetHints":{"allow":["GET"]}}],"collection":[{"href":"https:\/\/red-lighttherapy.com\/de_de\/wp-json\/wp\/v2\/product"}],"about":[{"href":"https:\/\/red-lighttherapy.com\/de_de\/wp-json\/wp\/v2\/types\/product"}],"wp:featuredmedia":[{"embeddable":true,"href":"https:\/\/red-lighttherapy.com\/de_de\/wp-json\/wp\/v2\/media\/1078"}],"wp:attachment":[{"href":"https:\/\/red-lighttherapy.com\/de_de\/wp-json\/wp\/v2\/media?parent=1074"}],"wp:term":[{"taxonomy":"product_brand","embeddable":true,"href":"https:\/\/red-lighttherapy.com\/de_de\/wp-json\/wp\/v2\/product_brand?post=1074"},{"taxonomy":"product_cat","embeddable":true,"href":"https:\/\/red-lighttherapy.com\/de_de\/wp-json\/wp\/v2\/product_cat?post=1074"},{"taxonomy":"product_tag","embeddable":true,"href":"https:\/\/red-lighttherapy.com\/de_de\/wp-json\/wp\/v2\/product_tag?post=1074"}],"curies":[{"name":"wp","href":"https:\/\/api.w.org\/{rel}","templated":true}]}}