{"id":1061,"date":"2025-04-16T06:22:13","date_gmt":"2025-04-16T06:22:13","guid":{"rendered":"https:\/\/red-lighttherapy.com\/?post_type=product&#038;p=1061"},"modified":"2025-04-16T06:54:40","modified_gmt":"2025-04-16T06:54:40","slug":"trading-logo-custom-printed-shopping-paper-bags-for-clothing","status":"publish","type":"product","link":"https:\/\/red-lighttherapy.com\/de_de\/trading-logo-custom-printed-shopping-paper-bags-for-clothing\/","title":{"rendered":"Trading Logo benutzerdefinierte bedruckte Einkaufstaschen aus Papier f\u00fcr Kleidung"},"content":{"rendered":"<h2 id=\"-trading-logo-custom-printed-shopping-paper-bags-for-clothing-product-description-\"><strong>Trading Logo benutzerdefinierte gedruckt Einkaufen Papiert\u00fcten f\u00fcr Kleidung Produktbeschreibung<\/strong><\/h2>\n<h2 id=\"-1-aesthetic-design-axially-symmetrical-geometric-shapes-and-mexican-totem-elements-\"><strong>1. \u00c4sthetisches Design: Achsensymmetrische geometrische Formen und mexikanische Totem-Elemente<\/strong><\/h2>\n<ul>\n<li><strong>Symmetrische \u00c4sthetik<\/strong>: Die Papiert\u00fcte hat ein symmetrisches geometrisches Design, das durch die visuelle Sprache der linken und rechten Spiegelbalance eine hochwertige Textur und einen Sinn f\u00fcr Ordnung vermittelt, was dem Kernkonzept \"Symmetrie bringt visuellen Komfort und Qualit\u00e4tsassoziation\" im modernen Verpackungsdesign entspricht.<\/li>\n<li><strong>Kulturelle Verschmelzung<\/strong>: Das Hauptmotiv der Oberfl\u00e4che enth\u00e4lt traditionelle mexikanische Totem-Elemente, wie geometrische Muster aus der Maya-Zivilisation oder Symbole im Azteken-Stil, mit kr\u00e4ftigen ethnischen Farben (z. B. T\u00f6pferrot und Indigo), die nicht nur die kulturelle Vielfalt der Marke unterstreichen, sondern auch der Papiert\u00fcte einen einzigartigen k\u00fcnstlerischen Wiedererkennungswert verleihen.<\/li>\n<\/ul>\n<h2 id=\"-2-structural-optimization-bottom-load-bearing-reinforcement-and-flattening-adaptation-\"><strong>2. Strukturelle Optimierung: Bodenverst\u00e4rkung und Abflachungsanpassung<\/strong><\/h2>\n<ul>\n<li><strong>Verfahren zur Bodenverst\u00e4rkung<\/strong>: Die Struktur der Box mit automatischem Verschluss wird \u00fcbernommen, und die Bodenst\u00fctze wird durch pr\u00e4zises Stanzen und doppellagiges Kartonklebeverfahren verbessert. Es kann die Transportanforderungen von flachen Produkten wie Bademode und Strandt\u00fcchern erf\u00fcllen und verhindert Verformungen durch Stapeln oder Extrudieren.<\/li>\n<li><strong>Upgrade der Anpassungsf\u00e4higkeit<\/strong>: Die Proportionen des Taschenk\u00f6rpers wurden mechanisch berechnet, und der Innenraum kann flexibel an das Falten und Aufbewahren von d\u00fcnner und leichter Kleidung angepasst werden. Gleichzeitig ist der Randpuffer reserviert, um Reibungsverluste zu reduzieren.<\/li>\n<\/ul>\n<h2 id=\"-3-material-selection-environmentally-friendly-high-weight-white-cardboard-and-thickened-ribbon-\"><strong>3. Materialauswahl: umweltfreundlicher wei\u00dfer Karton mit hohem Gewicht und verdicktes Band<\/strong><\/h2>\n<ul>\n<li><strong>Umweltzertifizierung<\/strong>Das Material ist FSC-zertifiziert, um sicherzustellen, dass die Rohstoffe aus nachhaltig bewirtschafteten W\u00e4ldern stammen, wobei sowohl die Steifigkeit als auch die Umwelteigenschaften ber\u00fccksichtigt werden.<\/li>\n<li><strong>Tragf\u00e4higer Griff<\/strong>: Die doppelten Griffe sind aus verdicktem Band (Breite \u2265 20mm), mit einem dehnbaren Faserkern im Inneren eingebettet, und die einseitige Belastung kann 8kg erreichen, um den Komfort und die Haltbarkeit der Hand zu gew\u00e4hrleisten.<\/li>\n<\/ul>\n<h2 id=\"-4-customization-flexibility-and-process-combination-\"><strong>4. Anpassungsflexibilit\u00e4t und Prozesskombination<\/strong><\/h2>\n<ul>\n<li><strong>Modulares Verfahren<\/strong>: Unterst\u00fctzt die modulare Kombination von Verfahren wie Hei\u00dfpr\u00e4gung, Pr\u00e4gung und UV-Lackierung. Bei den Totemlinien wird beispielsweise eine Hei\u00dfpr\u00e4gung verwendet, um den dreidimensionalen Effekt zu verst\u00e4rken, und das Markenlogo kann mit einem magnetischen Verschlussdesign \u00fcberlagert werden, um das Gef\u00fchl des \u00d6ffnens und Schlie\u00dfens zu verst\u00e4rken.<\/li>\n<li><strong>Geringe Bestellmenge<\/strong>: Die Mindestbestellmenge betr\u00e4gt 500 St\u00fcck und erm\u00f6glicht eine tiefgreifende Anpassung von Gr\u00f6\u00dfe, Farbe und Muster ohne zus\u00e4tzliche Formkosten, um den Bedarf kleiner und mittlerer Marken an leichten Testbestellungen zu decken.<\/li>\n<\/ul>\n<h2 id=\"-5-production-guarantee-and-production-capacity-advantage-\"><strong>5. Produktionsgarantie und Vorteil der Produktionskapazit\u00e4t<\/strong><\/h2>\n<ul>\n<li><strong>Zertifizierung der Qualifikation<\/strong>: Die ISO 9001\/FSC-zertifizierte Fabrik verf\u00fcgt \u00fcber 16 Jahre Erfahrung. Der gesamte Prozess entspricht dem internationalen Umweltschutz- und Qualit\u00e4tsmanagementsystem und gew\u00e4hrleistet, dass das Produkt den SGS-Sicherheitstest besteht.<\/li>\n<li><strong>Effiziente Lieferung<\/strong>: Die Fabrik verf\u00fcgt \u00fcber eine t\u00e4gliche Produktionskapazit\u00e4t von 1 Million St\u00fcck, unterst\u00fctzt die 72-Stunden-Kontrolle und die 15-t\u00e4gige Auslieferung von Chargen und ist mit einem intelligenten Lagersystem ausgestattet, um die Erf\u00fcllungsrate der Auftr\u00e4ge w\u00e4hrend der Hochsaison zu gew\u00e4hrleisten.<\/li>\n<\/ul>\n<p id=\"-application-scenarios-suitable-for-clothing-stores-e-commerce-gift-packaging-brand-flash-events-and-other-scenarios-with-both-functionality-and-brand-communication-value-through-the-dual-innovation-of-vision-and-structure-it-helps-customers-establish-a-differentiated-image-in-the-competitive-market-\"><strong>Anwendungsszenarien<\/strong>: Geeignet f\u00fcr Bekleidungsgesch\u00e4fte, E-Commerce-Geschenkverpackungen, Marken-Flash-Events und andere Szenarien, mit sowohl Funktionalit\u00e4t als auch Markenkommunikation Wert. Durch die doppelte Innovation von Vision und Struktur hilft es den Kunden, ein differenziertes Image auf dem wettbewerbsorientierten Markt aufzubauen.<\/p>","protected":false},"excerpt":{"rendered":"<p>Diese Geschenkt\u00fcte aus Papier hat eine symmetrische geometrische Form auf der zentralen Achse, die f\u00fcr ein visuelles Gleichgewicht sorgt. Der stabile Boden verhindert, dass sich das Produkt beim Transport verformt. Sie kann f\u00fcr flache Produkte wie Bademode und Strandt\u00fccher verwendet werden.<\/p>","protected":false},"featured_media":1062,"template":"","meta":{"_kad_post_transparent":"default","_kad_post_title":"","_kad_post_layout":"default","_kad_post_sidebar_id":"","_kad_post_content_style":"default","_kad_post_vertical_padding":"default","_kad_post_feature":"","_kad_post_feature_position":"","_kad_post_header":false,"_kad_post_footer":false,"_kad_post_classname":""},"product_brand":[],"product_cat":[15,30,17],"product_tag":[407,409,408],"class_list":{"0":"post-1061","1":"product","2":"type-product","3":"status-publish","4":"has-post-thumbnail","6":"product_cat-red-light-therapy","7":"product_cat-dropshipping","8":"product_cat-services","9":"product_tag-custom-paper-bags-for-clothing","10":"product_tag-logo-custom-clothing-paper-bags","11":"product_tag-shopping-paper-bags","13":"first","14":"instock","15":"shipping-taxable","16":"product-type-simple","17":"entry","18":"content-bg","19":"loop-entry"},"_links":{"self":[{"href":"https:\/\/red-lighttherapy.com\/de_de\/wp-json\/wp\/v2\/product\/1061","targetHints":{"allow":["GET"]}}],"collection":[{"href":"https:\/\/red-lighttherapy.com\/de_de\/wp-json\/wp\/v2\/product"}],"about":[{"href":"https:\/\/red-lighttherapy.com\/de_de\/wp-json\/wp\/v2\/types\/product"}],"wp:featuredmedia":[{"embeddable":true,"href":"https:\/\/red-lighttherapy.com\/de_de\/wp-json\/wp\/v2\/media\/1062"}],"wp:attachment":[{"href":"https:\/\/red-lighttherapy.com\/de_de\/wp-json\/wp\/v2\/media?parent=1061"}],"wp:term":[{"taxonomy":"product_brand","embeddable":true,"href":"https:\/\/red-lighttherapy.com\/de_de\/wp-json\/wp\/v2\/product_brand?post=1061"},{"taxonomy":"product_cat","embeddable":true,"href":"https:\/\/red-lighttherapy.com\/de_de\/wp-json\/wp\/v2\/product_cat?post=1061"},{"taxonomy":"product_tag","embeddable":true,"href":"https:\/\/red-lighttherapy.com\/de_de\/wp-json\/wp\/v2\/product_tag?post=1061"}],"curies":[{"name":"wp","href":"https:\/\/api.w.org\/{rel}","templated":true}]}}