{"id":1059,"date":"2025-04-16T06:18:27","date_gmt":"2025-04-16T06:18:27","guid":{"rendered":"https:\/\/red-lighttherapy.com\/?post_type=product&#038;p=1059"},"modified":"2025-04-16T06:22:03","modified_gmt":"2025-04-16T06:22:03","slug":"elegant-lid-and-base-gift-box-smart-watch-packaging-solution","status":"publish","type":"product","link":"https:\/\/red-lighttherapy.com\/de_de\/elegant-lid-and-base-gift-box-smart-watch-packaging-solution\/","title":{"rendered":"Elegante Geschenkbox mit Deckel und Boden - Verpackungsl\u00f6sung f\u00fcr intelligente Uhren"},"content":{"rendered":"<h2 id=\"-product-description-of-smart-watch-top-and-bottom-cover-gift-box-\"><strong>Produktbeschreibung von Smart Watch Top und Bottom Cover Geschenkbox<\/strong><\/h2>\n<h2 id=\"1-classic-top-and-bottom-cover-structure-\">1.\u00a0<strong>Klassische Struktur der oberen und unteren Abdeckung<\/strong><\/h2>\n<p>Die obere und untere Abdeckungsstruktur wird durch Pr\u00e4zisionsformen gebildet. Die oberen und unteren K\u00e4sten sind im goldenen Schnitt gefertigt. Sie passen fest zusammen, und das \u00d6ffnen und Schlie\u00dfen erfolgt reibungslos durch die magnetische D\u00e4mpfungstechnologie. Das \"Klick\"-Ger\u00e4usch beim Schlie\u00dfen des Kastendeckels ist knackig und angenehm und vermittelt ein Gef\u00fchl von Ritual beim Auspacken; ein verstecktes Scharnierdesign im Inneren sorgt daf\u00fcr, dass der Kasten auch nach mehrfachem Gebrauch stabil und geschlossen bleibt.<\/p>\n<h2 id=\"2-minimalist-square-profile-\">2.\u00a0<strong>Minimalistisches Quadratisches Profil<\/strong><\/h2>\n<p>Basierend auf der quadratischen Standardform von 130mm\u00d7130mm\u00d760mm werden die Kanten mit einer Mikrobogenfase abgeschr\u00e4gt, was nicht nur die Steifigkeit der Kanten und Ecken vermeidet, sondern auch der modernen minimalistischen \u00c4sthetik entspricht. Die Kiste hat gerade und saubere Linien, spart 50% Lagerplatz, wenn sie gestapelt wird, und eignet sich f\u00fcr die Logistik standardisierten Palettentransport Bed\u00fcrfnisse.<\/p>\n<h2 id=\"3-matte-gold-decoration-and-pure-background-\">3.\u00a0<strong>Mattes Golddekor und reiner Hintergrund<\/strong><\/h2>\n<p>Der Schachtelk\u00f6rper besteht aus FSC-zertifiziertem umweltfreundlichem wei\u00dfem Karton, und die Oberfl\u00e4che ist mit einer zarten Perlglanzbeschichtung versehen. Die Hauptfarbe ist RAL 9016 reinwei\u00df und symbolisiert das Markengen der Technologie und Reinheit. Der Rand des Schachteldeckels ist mit einer 0,5 mm breiten, mattgoldenen Legierung eingefasst, die mit Hilfe der Nano-Thermotransfertechnologie nahtlos eingefasst ist, was das visuelle Niveau unaufdringlich steigert.<\/p>\n<h2 id=\"4-geometric-artistic-expression-\">4.\u00a0<strong>Geometrischer k\u00fcnstlerischer Ausdruck<\/strong><\/h2>\n<p>Die Oberfl\u00e4che der Schachtel basiert auf einer sechseckigen Wabenstruktur mit hellgrauem bis wei\u00dfem Farbverlauf, und die dreidimensionalen Licht- und Schatteneffekte sind in einigen Teilen mit hellgoldenen Hei\u00dfpr\u00e4gelinien umrissen. Die Genauigkeit des Musters betr\u00e4gt 300 dpi, wodurch die Designphilosophie des \"Versteckens, aber nicht Verbergens\" umgesetzt wird. Das Innenfutter kann optional mit 3 mm dickem EVA-Schwamm oder Beflockungsmaterial ausgestattet werden, und der Umriss der Uhr wird per Lasergravur gestaltet, wobei sowohl Schutz- als auch Anzeigefunktionen ber\u00fccksichtigt werden.<\/p>\n<h2 id=\"5-modular-customization-system-\">5.\u00a0<strong>Modulares Anpassungssystem<\/strong><\/h2>\n<ul>\n<li><strong>Flexible Gr\u00f6\u00dfenanpassung<\/strong>: Unterst\u00fctzt die Anpassung, kann quadratisch, zylindrisch und andere speziell geformte Uhren passen.<\/li>\n<li><strong>Strukturelle Innovation<\/strong>: Bietet verschiedene Strukturen wie magnetische Flip-Cover, schubladenartige Schichten und schwebende Display-St\u00e4nder mit eingebautem NFC-Chip, um die digitale Interaktion der Verpackung zu realisieren.<\/li>\n<li><strong>Druckverfahren<\/strong>: Optionale lokale UV-, Pr\u00e4ge-, Kaltpr\u00e4ge-, Farbfolien- und andere Prozesse, Unterst\u00fctzung der Pantone-Spot-Farbabstimmung und AR-Schicht-Implantation.<\/li>\n<li><strong>Aufwertung der Umwelt<\/strong>: Bietet umweltfreundliche Optionen wie recyceltes Leder aus Kaffeesatz und recycelte Materialien aus Meereskunststoff mit einem QR-Code zur R\u00fcckverfolgbarkeit des CO2-Fu\u00dfabdrucks.<\/li>\n<\/ul>","protected":false},"excerpt":{"rendered":"<p>Sie hat die klassische Struktur einer Schachtel mit Deckel und Boden, die sich fest verschliessen und leicht \u00f6ffnen und schliessen l\u00e4sst, was den feierlichen Charakter hochwertiger Geschenkschachteln unterstreicht. Sie eignet sich f\u00fcr die Verpackung hochwertiger Kategorien wie Luxusg\u00fcter, Sch\u00f6nheitsprodukte und Schmuck.<\/p>","protected":false},"featured_media":1054,"template":"","meta":{"_kad_post_transparent":"default","_kad_post_title":"","_kad_post_layout":"default","_kad_post_sidebar_id":"","_kad_post_content_style":"default","_kad_post_vertical_padding":"default","_kad_post_feature":"","_kad_post_feature_position":"","_kad_post_header":false,"_kad_post_footer":false,"_kad_post_classname":""},"product_brand":[],"product_cat":[15,19,17],"product_tag":[406,404,405],"class_list":{"0":"post-1059","1":"product","2":"type-product","3":"status-publish","4":"has-post-thumbnail","6":"product_cat-red-light-therapy","7":"product_cat-red-light-therapy-stand","8":"product_cat-services","9":"product_tag-elegant-smart-watch-packaging-box","10":"product_tag-lid-and-base-smart-watch-box","11":"product_tag-smart-watch-packaging-solution","13":"first","14":"instock","15":"shipping-taxable","16":"product-type-simple","17":"entry","18":"content-bg","19":"loop-entry"},"_links":{"self":[{"href":"https:\/\/red-lighttherapy.com\/de_de\/wp-json\/wp\/v2\/product\/1059","targetHints":{"allow":["GET"]}}],"collection":[{"href":"https:\/\/red-lighttherapy.com\/de_de\/wp-json\/wp\/v2\/product"}],"about":[{"href":"https:\/\/red-lighttherapy.com\/de_de\/wp-json\/wp\/v2\/types\/product"}],"wp:featuredmedia":[{"embeddable":true,"href":"https:\/\/red-lighttherapy.com\/de_de\/wp-json\/wp\/v2\/media\/1054"}],"wp:attachment":[{"href":"https:\/\/red-lighttherapy.com\/de_de\/wp-json\/wp\/v2\/media?parent=1059"}],"wp:term":[{"taxonomy":"product_brand","embeddable":true,"href":"https:\/\/red-lighttherapy.com\/de_de\/wp-json\/wp\/v2\/product_brand?post=1059"},{"taxonomy":"product_cat","embeddable":true,"href":"https:\/\/red-lighttherapy.com\/de_de\/wp-json\/wp\/v2\/product_cat?post=1059"},{"taxonomy":"product_tag","embeddable":true,"href":"https:\/\/red-lighttherapy.com\/de_de\/wp-json\/wp\/v2\/product_tag?post=1059"}],"curies":[{"name":"wp","href":"https:\/\/api.w.org\/{rel}","templated":true}]}}