{"id":1047,"date":"2025-04-16T05:49:00","date_gmt":"2025-04-16T05:49:00","guid":{"rendered":"https:\/\/red-lighttherapy.com\/?post_type=product&#038;p=1047"},"modified":"2025-04-16T06:20:53","modified_gmt":"2025-04-16T06:20:53","slug":"holographic-paper-lid-and-base-software-accessories-boxes","status":"publish","type":"product","link":"https:\/\/red-lighttherapy.com\/de_de\/holographic-paper-lid-and-base-software-accessories-boxes\/","title":{"rendered":"Elegante Geschenkbox mit Deckel und Boden - Verpackungsl\u00f6sung f\u00fcr intelligente Uhren"},"content":{"rendered":"<h2 id=\"-holographic-paper-lid-and-base-software-accessories-boxes-\"><strong>Holografisches Papier Deckel und Boden Softwarezubeh\u00f6r Boxen<\/strong><\/h2>\n<h2 id=\"-1-standard-lid-and-lid-structure-precise-opening-and-closing-experience-\"><strong>1. Standard-Deckel und Deckel-Struktur, pr\u00e4zises \u00d6ffnen und Schlie\u00dfen Erfahrung<\/strong><\/h2>\n<ul>\n<li>Das Geh\u00e4use und der Deckel werden mit hochpr\u00e4zisen Formen geformt, um eine millimetergenaue Toleranz zu erreichen, die ein reibungsloses \u00d6ffnen und Schlie\u00dfen gew\u00e4hrleistet.<\/li>\n<li>Das Innenfutter kann mit einer EVA- oder Flanell-D\u00e4mpfungsschicht individuell angepasst werden und bietet so einen Rundumschutz f\u00fcr Accessoires verschiedener Gr\u00f6\u00dfen.<\/li>\n<\/ul>\n<h2 id=\"-2-right-angle-folding-process-three-dimensional-load-bearing-design-\"><strong>2. Rechtwinkliges Faltverfahren, dreidimensionale tragende Konstruktion<\/strong><\/h2>\n<ul>\n<li>Der rechtwinklige 90\u00b0-Faltprozess verst\u00e4rkt die Schachtelstruktur, um sicherzustellen, dass die Schachtelform gerade ist und sich nicht verformt, mit einer Tragf\u00e4higkeit von mehr als 3 kg, geeignet f\u00fcr schwere Produkte wie Schmuck und elektronische Pr\u00e4zisionskomponenten.<\/li>\n<li>Die doppelseitige Innen- und Au\u00dfenlaminierung verbessert die Verschlei\u00dffestigkeit und Druckbest\u00e4ndigkeit des Papiers und verl\u00e4ngert die Lebensdauer der Verpackung.<\/li>\n<\/ul>\n<h2 id=\"-3-183g-holographic-iridescent-paper-dynamic-visual-hierarchy-\"><strong>3. 183g holografisches, schillerndes Papier, dynamische visuelle Hierarchie<\/strong><\/h2>\n<ul>\n<li>Spezielles holografisches Papier nutzt die Nano-Level-Laserschichttechnologie, um einen irisierenden Gradienteneffekt zu erzielen, der unter Lichtbrechung einen flie\u00dfenden Metallglanz zeigt und ohne zus\u00e4tzliche Dekoration ein Gef\u00fchl von Luxus vermitteln kann.<\/li>\n<li>Die Papieroberfl\u00e4che hat einen zarten Griff, eine matte Textur und hohe Reflexionseigenschaften und eignet sich f\u00fcr kundenspezifische Verfahren wie Markenlogo-Hei\u00dfpr\u00e4gung und UV-Pr\u00e4gung.<\/li>\n<\/ul>\n<h2 id=\"-4-minimalist-design-focusing-on-material-aesthetics-\"><strong>4. Minimalistisches Design, das sich auf die Material\u00e4sthetik konzentriert<\/strong><\/h2>\n<ul>\n<li>Der Verzicht auf \u00fcberfl\u00fcssige Verzierungen wie Metallschnallen und B\u00e4nder, der schillernde Lichteffekt und die kastenf\u00f6rmige Struktur des Papiers selbst vermitteln ein Gef\u00fchl von Luxus, das den \u00e4sthetischen Bed\u00fcrfnissen des modernen Verbrauchers nach Schlichtheit und Hochwertigkeit entspricht.<\/li>\n<li>Holografische Themenfarben wie Mattschwarz, Fantasiesilber und Sternenblau sind optional erh\u00e4ltlich, um die Tonalit\u00e4t der verschiedenen Marken zu treffen.<\/li>\n<\/ul>\n<h2 id=\"-5-strengthen-the-sense-of-unboxing-ceremony-and-adapt-to-high-value-scenarios-\"><strong>5. St\u00e4rkung des Gef\u00fchls der Unboxing-Zeremonie und Anpassung an hochwertige Szenarien<\/strong><\/h2>\n<ul>\n<li>Es wurde speziell f\u00fcr Luxusg\u00fcter und Technologieprodukte (wie z. B. intelligente tragbare Ger\u00e4te, Software-Dongles, High-End-Kopfh\u00f6rer usw.) entwickelt und verbessert den ersten Eindruck des Benutzers von der Produktqualit\u00e4t durch dynamische schillernde Effekte und ein pr\u00e4zises \u00d6ffnungs- und Schlie\u00dferlebnis.<\/li>\n<li>Geeignet f\u00fcr Produkte in limitierter Auflage, Geschenkboxen f\u00fcr Mitglieder und andere Szenarien, die die Erinnerung an die Marke st\u00e4rken sollen.<\/li>\n<\/ul>\n<h2 id=\"-6-technical-parameters-\"><strong>6. Technische Parameter<\/strong><\/h2>\n<ul>\n<li><strong>Material<\/strong>: 183g holografisches, schillerndes Papier + 1,5 mm Graukartonfutter<\/li>\n<li><strong>Prozess<\/strong>Rechtwinklige Faltung, Laminierung, Hei\u00dfpr\u00e4gung\/UV-Druck (optional)<\/li>\n<li><strong>Struktur<\/strong>: Standardabdeckung oben und unten (anpassbare Klappabdeckung, Magnetverschluss und andere Varianten)<\/li>\n<li><strong>Tragf\u00e4higkeit<\/strong>Statische Belastbarkeit \u22653kg, dynamische Absturzsicherung durch ISTA 1A Test<\/li>\n<li><strong>Schutz der Umwelt<\/strong>: 100% recycelbares Papiermaterial, gem\u00e4\u00df FSC-Zertifizierung<\/li>\n<\/ul>\n<h2 id=\"-7-applicable-scenarios-\"><strong>7. Anwendbare Szenarien<\/strong><\/h2>\n<ul>\n<li><strong>Bereich Technologie<\/strong>Software-Dongle, USB-Flash-Laufwerk, Smartwatch-Armband, Kopfh\u00f6rerzubeh\u00f6r usw.<\/li>\n<li><strong>Luxusg\u00fcter<\/strong>: Schmuck, Uhren, Geschenkboxen in limitierter Auflage<\/li>\n<li><strong>Unterhaltungselektronik<\/strong>: Zubeh\u00f6r f\u00fcr Mobiltelefone, Komponenten f\u00fcr VR-Ger\u00e4te, Peripherieger\u00e4te f\u00fcr Spiele<\/li>\n<li><strong>Anpassung der Marke<\/strong>: Exklusive Verpackungen f\u00fcr Mitglieder, Geschenkboxen zur Erinnerung an die Veranstaltung<\/li>\n<\/ul>\n<h2 id=\"-8-customized-service-\"><strong>8. Ma\u00dfgeschneiderter Service<\/strong><\/h2>\n<ul>\n<li>Unterst\u00fctzt die flexible Anpassung von Gr\u00f6\u00dfe, Dicke, Auskleidungsmaterial und Oberfl\u00e4chenbearbeitung (Hei\u00dfpr\u00e4gung\/Pr\u00e4gung\/teilweise UV).<\/li>\n<li>Bietet Kleinserienbestellungen (MOQ 500 St\u00fcck) und eine Lieferfrist von 7-14 Tagen.<\/li>\n<\/ul>","protected":false},"excerpt":{"rendered":"<p>Dieses Produkt ist f\u00fcr hochwertiges Softwarezubeh\u00f6r, elektronische Produkte und Luxusg\u00fcter konzipiert. Es verwendet innovatives 183g holografisches, schillerndes Papier, kombiniert mit einer standardm\u00e4\u00dfigen oberen und unteren Deckelstruktur und einer rechtwinkligen Falttechnik, um eine Verpackungsl\u00f6sung mit sowohl funktionalem als auch \u00e4sthetischem Wert zu schaffen. Der Schachtelk\u00f6rper und der Deckel passen genau, und das \u00d6ffnen und Schlie\u00dfen erfolgt reibungslos und ohne Verklemmungen. Das minimalistische Design vermittelt eine hochwertige Textur, passt sich den Verpackungsanforderungen von Produkten mit hohem Mehrwert an und schafft ein beeindruckendes Unboxing-Erlebnis f\u00fcr die Benutzer.<\/p>","protected":false},"featured_media":1052,"template":"","meta":{"_kad_post_transparent":"default","_kad_post_title":"","_kad_post_layout":"default","_kad_post_sidebar_id":"","_kad_post_content_style":"default","_kad_post_vertical_padding":"default","_kad_post_feature":"","_kad_post_feature_position":"","_kad_post_header":false,"_kad_post_footer":false,"_kad_post_classname":""},"product_brand":[],"product_cat":[15,19,17],"product_tag":[406,404,405],"class_list":{"0":"post-1047","1":"product","2":"type-product","3":"status-publish","4":"has-post-thumbnail","6":"product_cat-red-light-therapy","7":"product_cat-red-light-therapy-stand","8":"product_cat-services","9":"product_tag-elegant-smart-watch-packaging-box","10":"product_tag-lid-and-base-smart-watch-box","11":"product_tag-smart-watch-packaging-solution","13":"first","14":"instock","15":"shipping-taxable","16":"product-type-simple","17":"entry","18":"content-bg","19":"loop-entry"},"_links":{"self":[{"href":"https:\/\/red-lighttherapy.com\/de_de\/wp-json\/wp\/v2\/product\/1047","targetHints":{"allow":["GET"]}}],"collection":[{"href":"https:\/\/red-lighttherapy.com\/de_de\/wp-json\/wp\/v2\/product"}],"about":[{"href":"https:\/\/red-lighttherapy.com\/de_de\/wp-json\/wp\/v2\/types\/product"}],"wp:featuredmedia":[{"embeddable":true,"href":"https:\/\/red-lighttherapy.com\/de_de\/wp-json\/wp\/v2\/media\/1052"}],"wp:attachment":[{"href":"https:\/\/red-lighttherapy.com\/de_de\/wp-json\/wp\/v2\/media?parent=1047"}],"wp:term":[{"taxonomy":"product_brand","embeddable":true,"href":"https:\/\/red-lighttherapy.com\/de_de\/wp-json\/wp\/v2\/product_brand?post=1047"},{"taxonomy":"product_cat","embeddable":true,"href":"https:\/\/red-lighttherapy.com\/de_de\/wp-json\/wp\/v2\/product_cat?post=1047"},{"taxonomy":"product_tag","embeddable":true,"href":"https:\/\/red-lighttherapy.com\/de_de\/wp-json\/wp\/v2\/product_tag?post=1047"}],"curies":[{"name":"wp","href":"https:\/\/api.w.org\/{rel}","templated":true}]}}