{"id":1035,"date":"2025-04-16T05:14:08","date_gmt":"2025-04-16T05:14:08","guid":{"rendered":"https:\/\/red-lighttherapy.com\/?post_type=product&#038;p=1035"},"modified":"2025-04-16T05:34:02","modified_gmt":"2025-04-16T05:34:02","slug":"china-fabrication-magnetic-collapsible-gift-box-with-ribbon","status":"publish","type":"product","link":"https:\/\/red-lighttherapy.com\/de_de\/china-fabrication-magnetic-collapsible-gift-box-with-ribbon\/","title":{"rendered":"China Fabrication Magnetische zusammenklappbare Geschenkbox mit Band"},"content":{"rendered":"<h2 id=\"-product-description-of-magnetic-folding-gift-box-made-in-china-with-ribbon-\"><strong>Produktbeschreibung von Magnetische Faltgeschenkbox Made in China (mit Band)<\/strong><\/h2>\n<h2 id=\"-i-product-structure-and-functional-design-\"><strong>1. Produktstruktur und funktionales Design<\/strong><\/h2>\n<ol>\n<li><strong>Magnetbox-Typ und Platz-Optimierung<\/strong>\u00a0Die Geschenkbox verf\u00fcgt \u00fcber eine scharfe geometrische Struktur. Durch die pr\u00e4zise Falttechnik wird der Innenraum maximiert, und verschiedene Gegenst\u00e4nde wie Schmuck, Kunsthandwerk und Kosmetika k\u00f6nnen stabil gelagert werden. Die Box K\u00f6rper kombiniert hochfesten Graupappe und Wellpappe Zwischenschicht, mit starken Druckbest\u00e4ndigkeit, Tragf\u00e4higkeit von mehr als 2 kg, und ist nicht leicht zu verformen, nachdem langfristige Nutzung, um sicherzustellen, dass der Inhalt fest platziert werden.<\/li>\n<li><strong>Magnetisches Verschlusssystem<\/strong>\u00a0Eingebaute hochpr\u00e4zise magnetische Struktur, die beim Schlie\u00dfen fest haftet, sanftes und leises \u00d6ffnen und Schlie\u00dfen, was nicht nur die Benutzerfreundlichkeit verbessert, sondern auch ein Gef\u00fchl von Ritual beim \u00d6ffnen der Box vermittelt. Die Anordnung der magnetischen Punkte wurde mechanisch berechnet, um sicherzustellen, dass sie auch nach wiederholtem Gebrauch eine stabile Leistung beibeh\u00e4lt.<\/li>\n<\/ol>\n<h2 id=\"-second-materials-and-environmental-protection-characteristics-\"><strong>2. Materialien und Umwelteigenschaften<\/strong><\/h2>\n<ol>\n<li><strong>Hochwertige Materialien zum Schutz der Umwelt<\/strong>\u00a0F\u00fcr die \u00e4u\u00dfere Schicht wird 300g beschichtetes Papier verwendet, und die Oberfl\u00e4che ist mit einer matten Laminierungstechnologie versehen, die sich zart anf\u00fchlt und kratzfest ist; f\u00fcr die innere Schicht werden lebensmittelechte Graupappe und umweltfreundliches Kunstdruckpapier verwendet, das die ISO9001- und ROHS-Zertifizierung erhalten hat, recycelbar und abbaubar ist und sowohl der Tragf\u00e4higkeit als auch den Erfordernissen des Umweltschutzes Rechnung tr\u00e4gt. Die Kartonstruktur wurde speziell verst\u00e4rkt und kann mehr als 50 Mal wiederverwendet werden, um die Verlustkosten zu reduzieren.<\/li>\n<\/ol>\n<h2 id=\"-third-visual-aesthetics-and-brand-adaptation-\"><strong>3. Visuelle \u00c4sthetik und Markenanpassung<\/strong><\/h2>\n<ol>\n<li><strong>Unauff\u00e4llige Luxus-Farbabstimmung<\/strong>\u00a0Die Hauptfarbe ist Beige-Gold, mit einer matten Oberfl\u00e4chenbehandlung, die ein zur\u00fcckhaltendes Luxusgef\u00fchl vermittelt, das sich f\u00fcr die Tonalit\u00e4t von High-End-Marken eignet. Die Box-Oberfl\u00e4che kann mit Pr\u00e4gung, Hei\u00dfpr\u00e4gung, UV-Druck und andere Prozesse angepasst werden, Unterst\u00fctzung Marke LOGO oder Muster personalisierte Design, visuell nicht \u00fcberschatten, Hervorhebung der Wert des Inhalts.<\/li>\n<li><strong>Zweifarbiges Farbband-Design<\/strong>\u00a0Die innovative Verwendung von Doppelschleifen aus Ros\u00e9gold und Beigegold kann \u00fcber Kreuz verziert werden, um die Exquisitit\u00e4t der Geschenkbox zu erh\u00f6hen, und kann auch als Handschlaufe verwendet werden, um die Praktikabilit\u00e4t zu erh\u00f6hen.<\/li>\n<\/ol>\n<h2 id=\"-fourth-folding-design-and-transportation-advantages-\"><strong>4. Faltbares Design und Transportvorteile<\/strong><\/h2>\n<ol>\n<li><strong>Die faltbare Struktur reduziert die Kosten und erh\u00f6ht die Effizienz<\/strong>\u00a0Nach dem Falten betr\u00e4gt die Dicke nur 2,5 cm, und das Volumen wird um 87,5% reduziert, was die Lager- und Logistikkosten erheblich senkt. F\u00fcr die Montage sind keine Ger\u00e4te erforderlich, und sie kann innerhalb von 3 Sekunden manifestiert werden, was f\u00fcr den Transport von Chargen und den Einzelhandel geeignet ist. Die Verpackung besteht aus feuchtigkeitsbest\u00e4ndiger Wellpappe, die bei Langstreckentransporten keine Sch\u00e4den verursacht.<\/li>\n<\/ol>\n<h2 id=\"-five-multi-scenario-application-\"><strong>5. Multi-Szenario-Anwendung<\/strong><\/h2>\n<ol>\n<li><strong>Geschenkverpackung<\/strong>: Geeignet f\u00fcr Hochzeiten und Festtagsgeschenke, zum Schutz von empfindlichen Gegenst\u00e4nden mit alternativer sto\u00dffester Schaumstoffschicht.<\/li>\n<li><strong>Luxus-Display<\/strong>: Geeignet f\u00fcr hochwertige Produkte wie Schmuck und Uhren mit B\u00e4ndern, um die optische Wirkung der Vitrine zu erh\u00f6hen.<\/li>\n<li><strong>Handwerkliche Lagerung<\/strong>: Die anpassbare Einteilung in der Box eignet sich f\u00fcr die Aufbewahrung von Trennw\u00e4nden, Artefakten besonderer Gr\u00f6\u00dfe wie Porzellan und Lackutensilien.<\/li>\n<\/ol>","protected":false},"excerpt":{"rendered":"<p>Diese Box mit Magnetverschluss hat klare Kanten und Ecken, maximiert die Nutzung des Innenraums, ist bequem f\u00fcr die Aufbewahrung verschiedener Gegenst\u00e4nde und ist stabil platziert. Sie eignet sich f\u00fcr die Verwendung in verschiedenen Szenarien wie Geschenke, Luxusg\u00fcter, Kunsthandwerk usw. und ber\u00fccksichtigt sowohl Sch\u00f6nheit als auch Funktionalit\u00e4t.<\/p>","protected":false},"featured_media":1036,"template":"","meta":{"_kad_post_transparent":"default","_kad_post_title":"","_kad_post_layout":"default","_kad_post_sidebar_id":"","_kad_post_content_style":"default","_kad_post_vertical_padding":"default","_kad_post_feature":"","_kad_post_feature_position":"","_kad_post_header":false,"_kad_post_footer":false,"_kad_post_classname":""},"product_brand":[],"product_cat":[15,22,17],"product_tag":[395,397,396],"class_list":{"0":"post-1035","1":"product","2":"type-product","3":"status-publish","4":"has-post-thumbnail","6":"product_cat-red-light-therapy","7":"product_cat-red-light-therapy-blanket","8":"product_cat-services","9":"product_tag-china-gift-box","10":"product_tag-collapsible-gift-box-with-ribbon","11":"product_tag-magnetic-collapsible-gift-box","13":"first","14":"instock","15":"shipping-taxable","16":"product-type-simple","17":"entry","18":"content-bg","19":"loop-entry"},"_links":{"self":[{"href":"https:\/\/red-lighttherapy.com\/de_de\/wp-json\/wp\/v2\/product\/1035","targetHints":{"allow":["GET"]}}],"collection":[{"href":"https:\/\/red-lighttherapy.com\/de_de\/wp-json\/wp\/v2\/product"}],"about":[{"href":"https:\/\/red-lighttherapy.com\/de_de\/wp-json\/wp\/v2\/types\/product"}],"wp:featuredmedia":[{"embeddable":true,"href":"https:\/\/red-lighttherapy.com\/de_de\/wp-json\/wp\/v2\/media\/1036"}],"wp:attachment":[{"href":"https:\/\/red-lighttherapy.com\/de_de\/wp-json\/wp\/v2\/media?parent=1035"}],"wp:term":[{"taxonomy":"product_brand","embeddable":true,"href":"https:\/\/red-lighttherapy.com\/de_de\/wp-json\/wp\/v2\/product_brand?post=1035"},{"taxonomy":"product_cat","embeddable":true,"href":"https:\/\/red-lighttherapy.com\/de_de\/wp-json\/wp\/v2\/product_cat?post=1035"},{"taxonomy":"product_tag","embeddable":true,"href":"https:\/\/red-lighttherapy.com\/de_de\/wp-json\/wp\/v2\/product_tag?post=1035"}],"curies":[{"name":"wp","href":"https:\/\/api.w.org\/{rel}","templated":true}]}}