{"id":1028,"date":"2025-04-16T04:58:19","date_gmt":"2025-04-16T04:58:19","guid":{"rendered":"https:\/\/red-lighttherapy.com\/?post_type=product&#038;p=1028"},"modified":"2025-04-16T05:42:55","modified_gmt":"2025-04-16T05:42:55","slug":"holographic-laser-paper-rainbow-a5-deep-gift-box-with-ribbon","status":"publish","type":"product","link":"https:\/\/red-lighttherapy.com\/de_de\/holographic-laser-paper-rainbow-a5-deep-gift-box-with-ribbon\/","title":{"rendered":"Holografische Laserpapier Regenbogen A5 tief Geschenkbox mit Band"},"content":{"rendered":"<h2 id=\"-holographic-laser-paper-rainbow-a5-deep-gift-box-with-ribbon-product-description-\"><strong>Holografische Laserpapier Regenbogen A5 tief Geschenkbox mit Band Produktbeschreibung<\/strong><\/h2>\n<h2 id=\"-1-industrial-aesthetic-design-highlighting-high-end-texture-\"><strong>1. Industrielles \u00e4sthetisches Design, das die hochwertige Textur hervorhebt<\/strong><\/h2>\n<ul>\n<li><strong>Klare Linien und kantige \u00c4sthetik<\/strong>: Nach dem Entfalten der Geschenkbox nimmt sie ein minimalistisches geometrisches Schnittdesign an. Die Linien des Schachtelk\u00f6rpers sind scharf und glatt, mit klaren Kanten und Ecken. Sie verbindet moderne industrielle \u00c4sthetik und k\u00fcnstlerischen Sinn. Sie eignet sich f\u00fcr die Verpackung von hochwertigen Waren wie Luxusg\u00fctern, Schmuck und Uhren.<\/li>\n<li><strong>Dreidimensionale tiefe Kastenstruktur<\/strong>: Das Design der tiefen A5-Schachtel optimiert die Raumnutzung durch pr\u00e4zise Faltverh\u00e4ltnisse, verst\u00e4rkt den visuellen Sinn f\u00fcr Tiefe und eignet sich f\u00fcr Szenen, die eine mehrschichtige Pr\u00e4sentation von Schmuck, Kosmetika usw. erfordern.<\/li>\n<\/ul>\n<h2 id=\"-2-modular-folding-process-taking-into-account-both-function-and-efficiency-\"><strong>2. Modularer Faltprozess, der sowohl die Funktion als auch die Effizienz ber\u00fccksichtigt<\/strong><\/h2>\n<ul>\n<li><strong>Kompaktes Transportdesign<\/strong>: Nach dem Falten wird das Volumen auf 1\/4 des ungefalteten Zustands komprimiert, und durch die vorgepresste Falztechnik wird eine leimfreie Verbindung erreicht, was die Lager- und Logistikkosten um 30% reduziert.<\/li>\n<li><strong>Langlebigkeit und Stabilit\u00e4t<\/strong>: Das patentierte modulare Falzverfahren wird angewendet. Der Schachtelk\u00f6rper beh\u00e4lt nach 500 \u00d6ffnungs- und Schlie\u00dftests immer noch eine Verformungsrate von 95%, was f\u00fcr die Bed\u00fcrfnisse der Mehrfachverwendung von hochwertigen Geschenken geeignet ist (wie z. B. Sammlungsdisplay und Festival-Wiederverwendungsverpackung).<\/li>\n<\/ul>\n<h2 id=\"-3-environmentally-friendly-materials-and-process-certification-\"><strong>3. Zertifizierung umweltfreundlicher Materialien und Verfahren<\/strong><\/h2>\n<ul>\n<li><strong>Hochwertiger Spezialpapierboden<\/strong>: Es wird 400 g\/m\u00b2 FSC-zertifizierter umweltfreundlicher Karton gew\u00e4hlt, dessen Rohdichte 0,85 g\/cm\u00b3 erreicht, der sowohl Steifigkeit als auch Plastizit\u00e4t aufweist und Sekund\u00e4rprozesse wie Hei\u00dfpr\u00e4gung und Pr\u00e4gung unterst\u00fctzt.<\/li>\n<li><strong>Nachhaltige Produktion<\/strong>: Das gesamte Verfahren verwendet Druckfarben auf Wasserbasis und eine l\u00f6sungsmittelfreie Laminierungstechnologie, die den REACH-Umweltschutznormen der EU entspricht, die Zertifizierung des CO2-Fu\u00dfabdrucks besteht und die Anforderungen f\u00fcr den Marktzugang in Europa und den Vereinigten Staaten erf\u00fcllt.<\/li>\n<\/ul>\n<h2 id=\"-4-holographic-iridescent-dynamic-effect-\"><strong>4. Holografischer schillernder dynamischer Effekt<\/strong><\/h2>\n<ul>\n<li><strong>Optische Schicht auf Nanoebene<\/strong>: Die Oberfl\u00e4che ist mit einer laserholografischen Folie versehen, die durch die Beugungsgittertechnologie 360\u00b0 dynamische, schillernde Ver\u00e4nderungen bewirkt und bei starkem Licht (Wellenl\u00e4ngenbereich 380-780nm) einen flie\u00dfenden Regenbogenlichteffekt zeigt, der die visuelle Wiedererkennung des Produkts verbessert.<\/li>\n<li><strong>F\u00e4lschungsbek\u00e4mpfung und St\u00e4rkung der Markenrechte<\/strong>: Holografische Muster unterst\u00fctzen kundenspezifische Verschl\u00fcsselungstechnologien wie Mikrotext und dynamische Lichts\u00e4ulen, die F\u00e4lschungsschutzfunktionen mit der Aufwertung des Markenimages kombinieren.<\/li>\n<\/ul>\n<h2 id=\"-5-digital-customization-service-\"><strong>5. Digitaler Anpassungsservice<\/strong><\/h2>\n<ul>\n<li><strong>Intelligente Kontrolle der Produktion \u00fcber den gesamten Prozess<\/strong>: Von der 3D-Modellierung bis zum Proofing werden KI-Algorithmen eingesetzt, um das strukturelle Design zu optimieren (Unterst\u00fctzung von mehr als 20 Schachteltypen wie Deckel und Boden, buchf\u00f6rmige Schachteln, Schubladenboxen usw.), und Musterkartons werden innerhalb von 48 Stunden geliefert.<\/li>\n<li><strong>Funktionale Tiefenanpassung<\/strong>:<\/li>\n<li><strong>Magnetisches \u00d6ffnen und Schlie\u00dfen<\/strong>: Eingebauter unsichtbarer Neodym-Magnet, Saugkraft \u22650,5N, pr\u00e4zise Positionierung ohne Abweichung.<\/li>\n<li><strong>Fensterdesign<\/strong>: Unterst\u00fctzt die teilweise transparente PET-Fenster\u00f6ffnung, Lichtdurchl\u00e4ssigkeit \u2265 92%, und ist mit einem Band (optional Polyester\/Acetat-Band) abgestimmt, um das Gef\u00fchl der \u00d6ffnungszeremonie zu verbessern.<\/li>\n<li><strong>Erweiterung des Oberfl\u00e4chenprozesses<\/strong>: Kompatibel mit Lichtmuster-Hei\u00dfpr\u00e4gung, Pr\u00e4gung, lokalem UV-Lack und anderen Verfahren, um die Bed\u00fcrfnisse der Marke zu erf\u00fcllen.<\/li>\n<\/ul>\n<h2 id=\"-application-scenarios-and-compatibility-\"><strong>Anwendungsszenarien und Kompatibilit\u00e4t<\/strong><\/h2>\n<ul>\n<li><strong>High-End-Felder<\/strong>Luxushandtaschen, Schmuck, elektronische Ger\u00e4te in limitierter Auflage, Kunstsammlungen.<\/li>\n<li><strong>Szenarien f\u00fcr den Umweltschutz<\/strong>: Vollst\u00e4ndig recycelbar und abbaubar, angepasst an die Strategie der kohlenstoffneutralen Marke<\/li>\n<\/ul>","protected":false},"excerpt":{"rendered":"<p>Im gefalteten Zustand weist die Schachtel klare Linien und scharfe Kanten auf und spiegelt die \u00c4sthetik des hochwertigen Industriedesigns wider. Das holografische Papier zeigt bei starkem Licht einen dynamischen, schillernden Effekt und eignet sich daher f\u00fcr zahlreiche Einsatzszenarien f\u00fcr hochwertige Waren wie Geschenke und Schmuck.<\/p>","protected":false},"featured_media":1034,"template":"","meta":{"_kad_post_transparent":"default","_kad_post_title":"","_kad_post_layout":"default","_kad_post_sidebar_id":"","_kad_post_content_style":"default","_kad_post_vertical_padding":"default","_kad_post_feature":"","_kad_post_feature_position":"","_kad_post_header":false,"_kad_post_footer":false,"_kad_post_classname":""},"product_brand":[],"product_cat":[15,22,17],"product_tag":[394,392,393],"class_list":{"0":"post-1028","1":"product","2":"type-product","3":"status-publish","4":"has-post-thumbnail","6":"product_cat-red-light-therapy","7":"product_cat-red-light-therapy-blanket","8":"product_cat-services","9":"product_tag-gift-box-with-ribbon","10":"product_tag-holographic-paper-gift-box","11":"product_tag-rainbow-a5-deep-gift-box","13":"first","14":"instock","15":"shipping-taxable","16":"product-type-simple","17":"entry","18":"content-bg","19":"loop-entry"},"_links":{"self":[{"href":"https:\/\/red-lighttherapy.com\/de_de\/wp-json\/wp\/v2\/product\/1028","targetHints":{"allow":["GET"]}}],"collection":[{"href":"https:\/\/red-lighttherapy.com\/de_de\/wp-json\/wp\/v2\/product"}],"about":[{"href":"https:\/\/red-lighttherapy.com\/de_de\/wp-json\/wp\/v2\/types\/product"}],"wp:featuredmedia":[{"embeddable":true,"href":"https:\/\/red-lighttherapy.com\/de_de\/wp-json\/wp\/v2\/media\/1034"}],"wp:attachment":[{"href":"https:\/\/red-lighttherapy.com\/de_de\/wp-json\/wp\/v2\/media?parent=1028"}],"wp:term":[{"taxonomy":"product_brand","embeddable":true,"href":"https:\/\/red-lighttherapy.com\/de_de\/wp-json\/wp\/v2\/product_brand?post=1028"},{"taxonomy":"product_cat","embeddable":true,"href":"https:\/\/red-lighttherapy.com\/de_de\/wp-json\/wp\/v2\/product_cat?post=1028"},{"taxonomy":"product_tag","embeddable":true,"href":"https:\/\/red-lighttherapy.com\/de_de\/wp-json\/wp\/v2\/product_tag?post=1028"}],"curies":[{"name":"wp","href":"https:\/\/api.w.org\/{rel}","templated":true}]}}