{"id":1022,"date":"2025-04-16T04:08:32","date_gmt":"2025-04-16T04:08:32","guid":{"rendered":"https:\/\/red-lighttherapy.com\/?post_type=product&#038;p=1022"},"modified":"2025-04-16T05:43:16","modified_gmt":"2025-04-16T05:43:16","slug":"silver-hologram-paper-folding-gift-sephora-packaging-boxes","status":"publish","type":"product","link":"https:\/\/red-lighttherapy.com\/de_de\/silver-hologram-paper-folding-gift-sephora-packaging-boxes\/","title":{"rendered":"Silber Hologramm Papier Falten Geschenk Sephora Verpackungen Boxen"},"content":{"rendered":"<h2 id=\"-silver-hologram-paper-folding-gift-sephora-packaging-boxes-\"><strong>Silber Hologramm Papier Falten Geschenk Sephora Verpackungen Boxen<\/strong><\/h2>\n<h2 id=\"-1-regular-folding-structure-design-both-functional-and-aesthetic-\"><strong>1. Regelm\u00e4\u00dfiges Design der Faltstruktur, sowohl funktional als auch \u00e4sthetisch<\/strong><\/h2>\n<p>Die\u00a0<strong>\"Kombinationsverfahren \"Spurlinie + Messerlinie<\/strong>\u00a0wird verwendet, um das Layout der Faltlinie zu optimieren und ein reibungsloses \u00d6ffnen und Schlie\u00dfen sowie eine stabile Form zu gew\u00e4hrleisten. Der Schachtelk\u00f6rper verwendet die\u00a0<strong>L-f\u00f6rmige ineinandergreifende Struktur<\/strong>\u00a0um ein pr\u00e4zises Einrasten der oberen und unteren Lagen zu erreichen, die Druckfestigkeit und die Dichtigkeit des Verschlusses zu verbessern und ein versehentliches \u00d6ffnen w\u00e4hrend des Transports zu vermeiden. Interne Konfiguration\u00a0<strong>Herausnehmbare, geschichtete Trennw\u00e4nde<\/strong>\u00a0unterst\u00fctzen die individuelle Lagerung von F\u00e4chern, passen sich an den festen Bedarf von Kosmetika, Parf\u00fcms und anderen Produkten unterschiedlicher Gr\u00f6\u00dfe an und ber\u00fccksichtigen Kapazit\u00e4t und Tragbarkeit.<\/p>\n<h2 id=\"-2-flat-folding-design-efficient-adaptation-to-multiple-scenarios-\"><strong>2. Flaches Faltdesign, effiziente Anpassung an verschiedene Szenarien<\/strong><\/h2>\n<p>\u00dcber\u00a0<strong>voreingestellte Faltlinien und Wabenkartontechnologie<\/strong>kann die Verpackungsschachtel f\u00fcr die Lagerung vollst\u00e4ndig abgeflacht werden, und die Kompressionsrate wird um\u00a0<strong>mehr als 50%<\/strong>was die Lager- und Logistikkosten erheblich reduziert. Es eignet sich f\u00fcr den Transport von Masseng\u00fctern im E-Commerce, die schnelle Pr\u00e4sentation im Einzelhandel und die Wiederverwendung durch den Verbraucher. Die Dicke nach dem Falten ist nur\u00a0<strong>3mm<\/strong>und eine einzelne Box kann bis zu\u00a0<strong>200<\/strong>Dadurch wird die Raumnutzung erheblich verbessert.<\/p>\n<h2 id=\"-3-high-strength-environmentally-friendly-material-lightweight-and-load-bearing-\"><strong>3. Hochfestes umweltfreundliches Material, leicht und tragf\u00e4hig<\/strong><\/h2>\n<p>Der Hauptk\u00f6rper besteht aus\u00a0<strong>FSC-zertifiziertes gestrichenes Papier<\/strong>\u00a0(80g\/m\u00b2), und die Technologie der Verbundpapierverst\u00e4rkung wird verwendet, um eine\u00a0<strong>Gleichgewicht zwischen Leichtigkeit und hoher Steifigkeit<\/strong>. Die Oberfl\u00e4che des Papiers ist beschichtet mit\u00a0<strong>Umweltfreundliche Beschichtung auf Wasserbasis<\/strong>und die Rei\u00dffestigkeit wird erh\u00f6ht durch\u00a0<strong>30%<\/strong>. Die einzelne Box kann tragen\u00a0<strong>2kg<\/strong>und kann zerbrechliche Gegenst\u00e4nde wie Glasflaschen sicher transportieren. Die Kantenverst\u00e4rkung des Kartons ist mit einem ergonomischen Griff ausgestattet, der leicht mit einer Hand gehalten werden kann und sowohl tragbar als auch haltbar ist.<\/p>\n<h2 id=\"-4-sustainable-forest-management-environmental-certification-guarantee-\"><strong>4. Nachhaltige Waldbewirtschaftung, Garantie der Umweltzertifizierung<\/strong><\/h2>\n<p>Die Rohstoffe werden streng nach den\u00a0<strong>FSC-Standards f\u00fcr die Waldzertifizierung<\/strong>\u00a0(Forest Stewardship Council), wodurch sichergestellt wird, dass die Herkunft des Zellstoffs auf nachhaltig bewirtschaftete W\u00e4lder zur\u00fcckgef\u00fchrt werden kann. Der gesamte Produktionsprozess verwendet\u00a0<strong>l\u00f6sungsmittelfreier Klebstoff<\/strong>\u00a0und\u00a0<strong>Verfahren mit geringer Farbdeckung<\/strong>\u00a0(&lt;20%), das den EU-Umweltschutznormen REACH entspricht und die\u00a0<strong>100% recycelbar und abbaubar<\/strong>.<\/p>\n<h2 id=\"-5-holographic-iridescence-dynamic-display-visual-impact-upgrade-\"><strong>5. Holografisches Schillern dynamische Anzeige, visuelle Wirkung Upgrade<\/strong><\/h2>\n<p>Die Oberfl\u00e4chenanwendung\u00a0<strong>direkt schreibende holografische Mikrostrukturtechnologie der dritten Generation<\/strong>\u00a0pr\u00e4sentiert\u00a0<strong>dynamisch schillernder Gradienteneffekt<\/strong>\u00a0durch die Anordnung von Gittern auf Nanoebene. Unter der Brechung des Lichts,\u00a0<strong>Mehrwinklige Farb\u00fcberg\u00e4nge<\/strong>\u00a0(z. B. silber-blau\u2192lila-rot\u2192gold-gr\u00fcn) k\u00f6nnen angezeigt werden, mit\u00a0<strong>Substrat mit hochreflektierender Aluminiumschicht<\/strong>Die Textur des Metalls und das Schillern von Licht und Schatten sind miteinander verwoben, und die visuelle Erkennung wird verbessert durch\u00a0<strong>200%<\/strong>. Geeignet f\u00fcr die Pr\u00e4sentation hochwertiger Sch\u00f6nheitsprodukte, um die Attraktivit\u00e4t der Regale zu erh\u00f6hen.<\/p>\n<h2 id=\"-6-minimalist-design-philosophy-function-oriented-aesthetics-\"><strong>6. Minimalistische Designphilosophie, funktionsorientierte \u00c4sthetik<\/strong><\/h2>\n<p>Die Einhaltung von Sephoras\u00a0<strong>\"Weniger ist mehr\"<\/strong>\u00a0Markenkonzept, \u00fcberfl\u00fcssige dekorative Elemente werden eliminiert und visuelle Ebenen werden mit\u00a0<strong>geometrische Schnittlinien<\/strong>\u00a0und\u00a0<strong>matt-hochgl\u00e4nzende Kontrastfl\u00e4chen<\/strong>. Die Oberfl\u00e4che der Box beh\u00e4lt nur die\u00a0<strong>lasergraviertes Markenlogo<\/strong>Sie konzentriert sich auf die Kernfunktionen des Produkts und passt sich dem Ton von Luxus- und minimalistischen Produkten an.<\/p>\n<h2 id=\"-applicable-scenarios-\"><strong>Anwendbare Szenarien<\/strong><\/h2>\n<ul>\n<li><strong>Logistik f\u00fcr den elektronischen Handel<\/strong>: Die flache Faltung ist f\u00fcr die automatische Sortierung geeignet, um Transportverluste zu reduzieren.<\/li>\n<li><strong>Display f\u00fcr den Einzelhandel<\/strong>: Holografisches Schillern zieht den Kundenstrom an und verbessert die Konversionsrate des Terminals<\/li>\n<li><strong>Weihnachtsgeschenk<\/strong>: Kann f\u00fcr die Zweitverwendung als Aufbewahrungsbox angepasst werden, um den Lebenszyklus zu verl\u00e4ngern<\/li>\n<\/ul>","protected":false},"excerpt":{"rendered":"<p>Diese starre Schachtel hat eine regelm\u00e4\u00dfige Faltstruktur, l\u00e4sst sich leicht \u00f6ffnen und schlie\u00dfen und hat eine stabile Form, die sowohl der Lagerkapazit\u00e4t als auch der Tragbarkeit Rechnung tr\u00e4gt. Das holografische Papier zeigt einen dynamischen, schillernden Farbverlauf mit einem sehr intensiven Display-Effekt. Es hat die FSC-Forstzertifizierung erhalten, um sicherzustellen, dass die Rohstoffe r\u00fcckverfolgbar und erneuerbar sind, was dem Trend der nachhaltigen Entwicklung entspricht.<\/p>","protected":false},"featured_media":1026,"template":"","meta":{"_kad_post_transparent":"default","_kad_post_title":"","_kad_post_layout":"default","_kad_post_sidebar_id":"","_kad_post_content_style":"default","_kad_post_vertical_padding":"default","_kad_post_feature":"","_kad_post_feature_position":"","_kad_post_header":false,"_kad_post_footer":false,"_kad_post_classname":""},"product_brand":[],"product_cat":[15,28,22,17],"product_tag":[390,389,391],"class_list":{"0":"post-1022","1":"product","2":"type-product","3":"status-publish","4":"has-post-thumbnail","6":"product_cat-red-light-therapy","7":"product_cat-customize","8":"product_cat-red-light-therapy-blanket","9":"product_cat-services","10":"product_tag-hologram-folding-gift-boxes","11":"product_tag-holographic-laser-paperboard-gift-boxes","12":"product_tag-large-gift-boxes-holographic","14":"first","15":"instock","16":"shipping-taxable","17":"product-type-simple","18":"entry","19":"content-bg","20":"loop-entry"},"_links":{"self":[{"href":"https:\/\/red-lighttherapy.com\/de_de\/wp-json\/wp\/v2\/product\/1022","targetHints":{"allow":["GET"]}}],"collection":[{"href":"https:\/\/red-lighttherapy.com\/de_de\/wp-json\/wp\/v2\/product"}],"about":[{"href":"https:\/\/red-lighttherapy.com\/de_de\/wp-json\/wp\/v2\/types\/product"}],"wp:featuredmedia":[{"embeddable":true,"href":"https:\/\/red-lighttherapy.com\/de_de\/wp-json\/wp\/v2\/media\/1026"}],"wp:attachment":[{"href":"https:\/\/red-lighttherapy.com\/de_de\/wp-json\/wp\/v2\/media?parent=1022"}],"wp:term":[{"taxonomy":"product_brand","embeddable":true,"href":"https:\/\/red-lighttherapy.com\/de_de\/wp-json\/wp\/v2\/product_brand?post=1022"},{"taxonomy":"product_cat","embeddable":true,"href":"https:\/\/red-lighttherapy.com\/de_de\/wp-json\/wp\/v2\/product_cat?post=1022"},{"taxonomy":"product_tag","embeddable":true,"href":"https:\/\/red-lighttherapy.com\/de_de\/wp-json\/wp\/v2\/product_tag?post=1022"}],"curies":[{"name":"wp","href":"https:\/\/api.w.org\/{rel}","templated":true}]}}