{"id":1017,"date":"2025-04-16T03:57:29","date_gmt":"2025-04-16T03:57:29","guid":{"rendered":"https:\/\/red-lighttherapy.com\/?post_type=product&#038;p=1017"},"modified":"2025-04-16T04:08:23","modified_gmt":"2025-04-16T04:08:23","slug":"exporting-custom-luxury-magnetic-closure-rigid-shoes-boxes","status":"publish","type":"product","link":"https:\/\/red-lighttherapy.com\/de_de\/exporting-custom-luxury-magnetic-closure-rigid-shoes-boxes\/","title":{"rendered":"Exportieren von benutzerdefinierten Luxus Magnetverschluss Starre Schuhe Boxen"},"content":{"rendered":"<h2 id=\"-product-description-of-exporting-custom-luxury-magnetic-closure-rigid-shoes-boxes-\"><strong>Produktbeschreibung von Exporting Custom Luxury Magnetic Closure Rigid Shoes Boxes<\/strong><\/h2>\n<h2 id=\"1-magnetic-box-design-\">1.\u00a0<strong>Magnetisches Design der Box<\/strong><\/h2>\n<p>Der Deckel und das Geh\u00e4use des Kartons sind mit einem starken Magnetsystem ausgestattet, das beim Schlie\u00dfen durch die Magnetkraft genau absorbiert wird, um eine hervorragende Abdichtung zu gew\u00e4hrleisten und ein versehentliches \u00d6ffnen w\u00e4hrend des Transports oder der Lagerung zu verhindern. Die doppelte Magnetstreifenanordnung erh\u00f6ht die Adsorptionsstabilit\u00e4t und kann auch bei Kippen oder Ersch\u00fctterungen geschlossen bleiben und bietet umfassenden Schutz f\u00fcr hochwertige Schuhe.<\/p>\n<h2 id=\"2-folding-portability-and-structural-stability-\">2.\u00a0<strong>Tragbarkeit und strukturelle Stabilit\u00e4t durch Zusammenklappen<\/strong><\/h2>\n<p>Der pr\u00e4zise Faltprozess wird angewandt, und das Volumen nach dem Falten betr\u00e4gt nur 1\/3 des ungefalteten Zustands, was die Logistik- und Lagerkosten erheblich reduziert. Beim Entfalten sind keine Werkzeuge oder komplexe Montagearbeiten erforderlich. Der Schachtelk\u00f6rper stellt automatisch die dreidimensionale Form durch die Vorpr\u00e4gung wieder her, die Kante ist nahtlos geformt, und die Druckfestigkeit erreicht 20 kg\/Lage, was den Stapelbedarf f\u00fcr mehrere Szenarien erf\u00fcllt.<\/p>\n<h2 id=\"3-one-handed-opening-and-closing-flap-structure-\">3.\u00a0<strong>Einh\u00e4ndig zu \u00f6ffnende und schlie\u00dfende Klappenstruktur<\/strong><\/h2>\n<p>Das innovative Klappendesign in Kombination mit dem ergonomischen Winkel (65\u00b0 \u00d6ffnen und Schlie\u00dfen) l\u00e4sst sich problemlos mit einer Hand bedienen. Das Scharnier ist mit verdicktem beschichtetem Papier und magnetischer Ansaugung verst\u00e4rkt. Auch nach Tausenden von \u00d6ffnungs- und Schlie\u00dftests hat es sich nicht verformt, was der Bequemlichkeit und Haltbarkeit zugute kommt.<\/p>\n<h2 id=\"4-high-weight-coated-paper-material-\">4.\u00a0<strong>Hochgewichtiges beschichtetes Papiermaterial<\/strong><\/h2>\n<p>Es wird ein gestrichenes Papier mit 320 g\/m\u00b2 ausgew\u00e4hlt, und die Oberfl\u00e4che wird mit einer Hochglanzbeschichtung behandelt, die die Steifigkeit um 40% erh\u00f6ht und die Druckfestigkeit um das 1,5-fache des Industriestandards erh\u00f6ht. Das Material ist umweltfreundlich und abbaubar, entspricht der FSC-Zertifizierung, unterst\u00fctzt das Recycling und reduziert den \u00f6kologischen Fu\u00dfabdruck.<\/p>\n<h2 id=\"5-sustainable-development-design-\">5.\u00a0<strong>Nachhaltiges Entwicklungsdesign<\/strong><\/h2>\n<p>Das gr\u00fcne Konzept wird im gesamten Prozess von den Rohstoffen bis zur Produktion umgesetzt:<\/p>\n<ul>\n<li>Druck mit Tinte auf Wasserbasis, keine sch\u00e4dlichen fl\u00fcchtigen Stoffe<\/li>\n<li>Abfallverwertungsquote \u226595%<\/li>\n<li>Erfolgreiche Zertifizierung des Umweltmanagementsystems nach ISO 14001<\/li>\n<\/ul>\n<h2 id=\"6-high-saturation-blue-visual-design-\">6.\u00a0<strong>Blaues visuelles Design mit hoher S\u00e4ttigung<\/strong><\/h2>\n<p>F\u00fcr den Kartonk\u00f6rper wird das klassische Pantone-Blau 286C verwendet, das eine hohe Farbs\u00e4ttigung aufweist und nicht verblasst, wodurch ein professionelles und stabiles Markenimage vermittelt wird. Die matte Oberfl\u00e4chenbehandlung vermeidet Blendung, geeignet f\u00fcr Werbegeschenke, Luxusverpackungen, High-End-Einzelhandel und andere Szenarien.<\/p>\n<h2 id=\"7-same-color-ribbon-handle-\">7.\u00a0<strong>Griff mit gleichfarbigem Band<\/strong><\/h2>\n<p>Der blaue Griff aus gewebtem Band ist in der gleichen Farbe wie das Geh\u00e4use der Kiste gehalten und hat eine Hubkraft von 5 kg, was sowohl der Praktikabilit\u00e4t als auch dem Ritual Rechnung tr\u00e4gt. Die Schnittstelle des Griffs ist versteckt und verst\u00e4rkt, um das Risiko des Zerrei\u00dfens zu vermeiden, geeignet f\u00fcr den h\u00e4ufigen Gebrauch.<\/p>\n<h2 id=\"-application-scenarios-and-advantages-\"><strong>Anwendungsszenarien und Vorteile<\/strong><\/h2>\n<ul>\n<li><strong>Werbegeschenke<\/strong>: Der Bandgriff und das magnetische \u00d6ffnen und Schlie\u00dfen verst\u00e4rken das Gef\u00fchl des Rituals des Auspackens, geeignet f\u00fcr individuelle Souvenirs f\u00fcr Unternehmen.<\/li>\n<li><strong>Luxus-Einzelhandel<\/strong>: Das hochfeste Material und die farbliche Gestaltung verbessern die Qualit\u00e4t der Warenpr\u00e4sentation und reduzieren den Platzbedarf der Vitrinen.<\/li>\n<li><strong>Grenz\u00fcberschreitende Logistik<\/strong>: Das faltbare Design senkt die Kosten f\u00fcr den See- und Lufttransport, und die Druckfestigkeit gew\u00e4hrleistet die Sicherheit des Langstreckentransports.<\/li>\n<\/ul>","protected":false},"excerpt":{"rendered":"<p>Der herzf\u00f6rmige Deckel und die obere und untere Abdeckung passen perfekt zu der Schachtel, mit herzf\u00f6rmigen Konturen innen und au\u00dfen, optisch einheitlich und emotional ansprechend. Der Deckel und der Boden sind getrennt, was einfach zu \u00f6ffnen und zu schlie\u00dfen ist, mit guter Abdichtung, effektiv den Inhalt zu sch\u00fctzen und das Gef\u00fchl der Zeremonie beim \u00d6ffnen der Box zu verbessern.<\/p>","protected":false},"featured_media":1018,"template":"","meta":{"_kad_post_transparent":"default","_kad_post_title":"","_kad_post_layout":"default","_kad_post_sidebar_id":"","_kad_post_content_style":"default","_kad_post_vertical_padding":"default","_kad_post_feature":"","_kad_post_feature_position":"","_kad_post_header":false,"_kad_post_footer":false,"_kad_post_classname":""},"product_brand":[],"product_cat":[15,30,22,17],"product_tag":[388,387,386],"class_list":{"0":"post-1017","1":"product","2":"type-product","3":"status-publish","4":"has-post-thumbnail","6":"product_cat-red-light-therapy","7":"product_cat-dropshipping","8":"product_cat-red-light-therapy-blanket","9":"product_cat-services","10":"product_tag-custom-shoes-boxes","11":"product_tag-magnetic-closure-boxes-for-shoes","12":"product_tag-rigid-shoes-boxes","14":"first","15":"instock","16":"shipping-taxable","17":"product-type-simple","18":"entry","19":"content-bg","20":"loop-entry"},"_links":{"self":[{"href":"https:\/\/red-lighttherapy.com\/de_de\/wp-json\/wp\/v2\/product\/1017","targetHints":{"allow":["GET"]}}],"collection":[{"href":"https:\/\/red-lighttherapy.com\/de_de\/wp-json\/wp\/v2\/product"}],"about":[{"href":"https:\/\/red-lighttherapy.com\/de_de\/wp-json\/wp\/v2\/types\/product"}],"wp:featuredmedia":[{"embeddable":true,"href":"https:\/\/red-lighttherapy.com\/de_de\/wp-json\/wp\/v2\/media\/1018"}],"wp:attachment":[{"href":"https:\/\/red-lighttherapy.com\/de_de\/wp-json\/wp\/v2\/media?parent=1017"}],"wp:term":[{"taxonomy":"product_brand","embeddable":true,"href":"https:\/\/red-lighttherapy.com\/de_de\/wp-json\/wp\/v2\/product_brand?post=1017"},{"taxonomy":"product_cat","embeddable":true,"href":"https:\/\/red-lighttherapy.com\/de_de\/wp-json\/wp\/v2\/product_cat?post=1017"},{"taxonomy":"product_tag","embeddable":true,"href":"https:\/\/red-lighttherapy.com\/de_de\/wp-json\/wp\/v2\/product_tag?post=1017"}],"curies":[{"name":"wp","href":"https:\/\/api.w.org\/{rel}","templated":true}]}}