{"id":1011,"date":"2025-04-16T03:44:51","date_gmt":"2025-04-16T03:44:51","guid":{"rendered":"https:\/\/red-lighttherapy.com\/?post_type=product&#038;p=1011"},"modified":"2025-04-16T03:57:17","modified_gmt":"2025-04-16T03:57:17","slug":"valentines-day-heart-shaped-gift-box-packaging-for-jewelry","status":"publish","type":"product","link":"https:\/\/red-lighttherapy.com\/de_de\/valentines-day-heart-shaped-gift-box-packaging-for-jewelry\/","title":{"rendered":"Valentinstag Herzf\u00f6rmige Geschenkbox Verpackung f\u00fcr Schmuck"},"content":{"rendered":"<h2 id=\"valentine-s-day-heart-shaped-jewelry-gift-box-packaging-product-description\">Valentine's Day Heart-Shaped Jewelry Gift Box Packaging Produkt Beschreibung<\/h2>\n<h2 id=\"-1-heart-shaped-top-and-bottom-design-perfect-fusion-of-vision-and-emotion-\"><strong>1. Herzf\u00f6rmiges Design oben und unten: Perfekte Verschmelzung von Vision und Emotion<\/strong><\/h2>\n<p>Die Geschenkschachtel hat einen herzf\u00f6rmigen oberen und unteren Deckel. Der Deckel und der Schachtelk\u00f6rper sind integral mit einer glatten herzf\u00f6rmigen Kontur geformt, die eine visuelle Einheit und emotionale Spannung zwischen \u00d6ffnen und Schlie\u00dfen zeigt. Die Innenseite des Deckels kann durch Hei\u00dfpr\u00e4gung oder Pr\u00e4gung individuell gestaltet werden. Das herzf\u00f6rmige, hohle Fenster l\u00e4sst das Schmuckst\u00fcck auftauchen, wenn es noch nicht vollst\u00e4ndig ge\u00f6ffnet ist, und erzeugt so ein \"Herzschlag\"-\u00e4hnliches Gef\u00fchl der Erwartung.<\/p>\n<h2 id=\"-2-separate-opening-and-closing-structure-convenience-and-ritual-coexistence-\"><strong>2. Getrennte \u00d6ffnungs- und Schlie\u00dfstruktur: Komfort und rituelle Koexistenz<\/strong><\/h2>\n<p>Der Deckel und der Boden der Schatulle sind getrennt, und der nahtlose Verschluss wird durch pr\u00e4zise Schnallen oder magnetische Vorrichtungen erreicht, was nicht nur die Versiegelung (staub- und feuchtigkeitssicher) gew\u00e4hrleistet, sondern auch dem \u00d6ffnungsvorgang einen eleganten rituellen Sinn verleiht. Der Rand des Innenfutters ist umwickelt, um Reibung an der Oberfl\u00e4che des Schmucks beim \u00d6ffnen und Schlie\u00dfen zu vermeiden, und die Details spiegeln den Schutz der Wertgegenst\u00e4nde wider.<\/p>\n<h2 id=\"-3-coated-paper-material-double-guarantee-of-firmness-and-beauty-\"><strong>3. Beschichtetes Papiermaterial: doppelte Garantie f\u00fcr Festigkeit und Sch\u00f6nheit<\/strong><\/h2>\n<p>Der Hauptteil des Geschenkkartons besteht aus 300 Gramm schwerem beschichtetem Papier, das mit einer matten Folie beschichtet ist, die sich angenehm anf\u00fchlt und kratzfest ist. Die innere Schicht ist mit Graupappe verst\u00e4rkt, die eine Tragf\u00e4higkeit von mehr als 5 kg hat, und es ist nicht leicht, w\u00e4hrend des Transports zu verzerren, um sicherzustellen, dass das Geschenk ist neu zu Auspacken aus der Box Fabrik.<\/p>\n<h2 id=\"-4-red-main-color-visual-communication-of-romantic-atmosphere-\"><strong>4. Rote Hauptfarbe: visuelle Kommunikation der romantischen Atmosph\u00e4re<\/strong><\/h2>\n<p>Der Schachtelk\u00f6rper ist im Pantone-Farbkartenstandard Rot gehalten, und der Vierfarbendruck sorgt f\u00fcr einen gleichm\u00e4\u00dfigen und leuchtenden Farbeffekt, mit lokalem UV- oder Hei\u00dfpr\u00e4geverfahren, das den dreidimensionalen Sinn des herzf\u00f6rmigen Umrisses hervorhebt. Optionale B\u00e4nder oder immerw\u00e4hrende Blumen in der gleichen Farbe k\u00f6nnen verwendet werden, um die festliche Atmosph\u00e4re zu verbessern.<\/p>\n<h2 id=\"-5-high-resilience-sponge-lining-professional-grade-jewelry-protection-\"><strong>5. Hochelastisches Schwammfutter: professioneller Schmuckschutz<\/strong><\/h2>\n<p>F\u00fcr die Auskleidung wird ein 3 cm dicker, hochdichter Schwamm verwendet, der per CNC auf die Herzform zugeschnitten wird. Die Tiefe der Rillen kann individuell angepasst werden (geeignet f\u00fcr verschiedene Schmuckformen wie Ringe und Halsketten). Die Oberfl\u00e4che des Schwamms ist mit kurzem Flanell \u00fcberzogen, das weich und hautfreundlich ist und Kratzer an Edelmetallen und Edelsteinen verhindert. Der Anti-Erdbeben-Test hat gezeigt, dass er einem Fall aus 1,2 Metern H\u00f6he standh\u00e4lt und f\u00fcr den grenz\u00fcberschreitenden Transport geeignet ist.<\/p>\n<h2 id=\"-6-customized-printing-service-deep-adaptation-of-brands-and-scenarios-\"><strong>6. Ma\u00dfgeschneiderter Druckservice: Tiefe Anpassung von Marken und Szenarien<\/strong><\/h2>\n<p>Unterst\u00fctzt eine Vielzahl von Verfahren wie Siebdruck, Hei\u00dfpr\u00e4gung, Lasergravur usw. und kann personalisierte Inhalte wie das Firmenlogo, Paarnamen, Gedenkdaten usw. auf den Deckel der Box drucken. Ma\u00dfgeschneiderte Hochzeitsmodelle k\u00f6nnen mit Hei\u00dfpr\u00e4ge-Gel\u00fcbden oder gepr\u00e4gten Rosenmustern bedruckt werden, und bei Firmengeschenken wird empfohlen, die Hauptvision und den Slogan der Marke zu ber\u00fccksichtigen, um den Mehrwert der Geschenkbox zu erh\u00f6hen.<\/p>\n<h2 id=\"-7-made-by-a-local-old-factory-dual-commitment-of-quality-and-production-capacity-\"><strong>7. Hergestellt von einer alten lokalen Fabrik: doppelte Verpflichtung zu Qualit\u00e4t und Produktionskapazit\u00e4t<\/strong><\/h2>\n<p>Sie wird von der Shenzhen Printing Factory mit 16 Jahren Erfahrung hergestellt und verf\u00fcgt \u00fcber vollautomatische Stanzmaschinen und Qualit\u00e4tskontrolllinien mit einer monatlichen Produktionskapazit\u00e4t von mehr als 500.000 St\u00fcck und unterst\u00fctzt die 72-Stunden-Schnellpr\u00fcfung und die Lieferung von Gro\u00dfauftr\u00e4gen. Jede Charge durchl\u00e4uft 12 Qualit\u00e4tskontrolltests (einschlie\u00dflich Ebenheit der Ecken, Farbunterschiede, Belastbarkeit usw.), um sicherzustellen, dass der Konsistenzfehler bei der Massenproduktion \u22641 mm betr\u00e4gt.<\/p>\n<h2 id=\"-8-environmental-certification-sustainable-romantic-promise-\"><strong>8. Umweltzertifizierung: Nachhaltiges romantisches Versprechen<\/strong><\/h2>\n<p>Das Material der Geschenkbox hat die FSC-Zertifizierung f\u00fcr Forstwirtschaft und die ISO-Zertifizierung f\u00fcr Managementsysteme bestanden, und die Tinte entspricht den REACH-Normen der EU, ist ungiftig und biologisch abbaubar. Der Futterschwamm besteht aus lebensmittelechtem EVA-Material, hat die SGS-Pr\u00fcfung bestanden und ist sicher f\u00fcr den Hautkontakt.<\/p>\n<h2 id=\"-product-application-scenarios-\"><strong>Szenarien der Produktanwendung<\/strong><\/h2>\n<ul>\n<li><strong>Pers\u00f6nliches Geschenk<\/strong>: Zusammen mit individuellen Liebesbriefen und immerw\u00e4hrenden Blumen entsteht ein Geschenkkarton mit dem Thema \"Herzbewegendes Gest\u00e4ndnis\".<\/li>\n<li><strong>Hochzeitsschmuck<\/strong>: In die Schachtel kann ein Schlitz f\u00fcr die Eheringkarte eingelassen werden, und der Ring ist zu sehen, sobald die Schachtel ge\u00f6ffnet wird, was den Eindruck eines Heiratsantrags verst\u00e4rkt.<\/li>\n<li><strong>Co-Branding von Marken<\/strong>: Unternehmen k\u00f6nnen limitierte Auflagen individuell gestalten und IP-Image und herzf\u00f6rmige Elemente kombinieren, um die Kundenbindung zu erh\u00f6hen.<\/li>\n<\/ul>","protected":false},"excerpt":{"rendered":"<p>Der herzf\u00f6rmige Deckel und die obere und untere Abdeckung passen perfekt zu der Schachtel, mit herzf\u00f6rmigen Konturen innen und au\u00dfen, optisch einheitlich und emotional ansprechend. Der Deckel und der Boden sind getrennt, was einfach zu \u00f6ffnen und zu schlie\u00dfen ist, mit guter Abdichtung, effektiv den Inhalt zu sch\u00fctzen und das Gef\u00fchl der Zeremonie beim \u00d6ffnen der Box zu verbessern.<\/p>","protected":false},"featured_media":1016,"template":"","meta":{"_kad_post_transparent":"default","_kad_post_title":"","_kad_post_layout":"default","_kad_post_sidebar_id":"","_kad_post_content_style":"default","_kad_post_vertical_padding":"default","_kad_post_feature":"","_kad_post_feature_position":"","_kad_post_header":false,"_kad_post_footer":false,"_kad_post_classname":""},"product_brand":[],"product_cat":[15,17],"product_tag":[383,384,385],"class_list":{"0":"post-1011","1":"product","2":"type-product","3":"status-publish","4":"has-post-thumbnail","6":"product_cat-red-light-therapy","7":"product_cat-services","8":"product_tag-heart-shaped-gift-box","9":"product_tag-jewelry-packaging-box","10":"product_tag-valentines-day-gift-box","12":"first","13":"instock","14":"shipping-taxable","15":"product-type-simple","16":"entry","17":"content-bg","18":"loop-entry"},"_links":{"self":[{"href":"https:\/\/red-lighttherapy.com\/de_de\/wp-json\/wp\/v2\/product\/1011","targetHints":{"allow":["GET"]}}],"collection":[{"href":"https:\/\/red-lighttherapy.com\/de_de\/wp-json\/wp\/v2\/product"}],"about":[{"href":"https:\/\/red-lighttherapy.com\/de_de\/wp-json\/wp\/v2\/types\/product"}],"wp:featuredmedia":[{"embeddable":true,"href":"https:\/\/red-lighttherapy.com\/de_de\/wp-json\/wp\/v2\/media\/1016"}],"wp:attachment":[{"href":"https:\/\/red-lighttherapy.com\/de_de\/wp-json\/wp\/v2\/media?parent=1011"}],"wp:term":[{"taxonomy":"product_brand","embeddable":true,"href":"https:\/\/red-lighttherapy.com\/de_de\/wp-json\/wp\/v2\/product_brand?post=1011"},{"taxonomy":"product_cat","embeddable":true,"href":"https:\/\/red-lighttherapy.com\/de_de\/wp-json\/wp\/v2\/product_cat?post=1011"},{"taxonomy":"product_tag","embeddable":true,"href":"https:\/\/red-lighttherapy.com\/de_de\/wp-json\/wp\/v2\/product_tag?post=1011"}],"curies":[{"name":"wp","href":"https:\/\/api.w.org\/{rel}","templated":true}]}}