{"id":1005,"date":"2025-04-16T03:24:02","date_gmt":"2025-04-16T03:24:02","guid":{"rendered":"https:\/\/red-lighttherapy.com\/?post_type=product&#038;p=1005"},"modified":"2025-04-16T03:44:42","modified_gmt":"2025-04-16T03:44:42","slug":"brand-double-door-box-for-skincare-bottle-fragrance-perfume","status":"publish","type":"product","link":"https:\/\/red-lighttherapy.com\/de_de\/brand-double-door-box-for-skincare-bottle-fragrance-perfume\/","title":{"rendered":"Marke Doppelt\u00fcr-Box f\u00fcr Skincare Flasche Duft Parf\u00fcm"},"content":{"rendered":"<h2 id=\"-double-door-skin-care-perfume-bottle-box-product-description-\"><strong>Doppelt\u00fcrige Hautpflege-Parf\u00fcmflaschen-Box Produktbeschreibung<\/strong><\/h2>\n<h2 id=\"-1-box-design-and-positioning-\"><strong>1. Gestaltung und Positionierung der Box<\/strong><\/h2>\n<p>Die\u00a0<strong>Doppelseitig offene Geschenkbox<\/strong>\u00a0Doppelt\u00fcr-Box angenommen wird, und die symmetrische Struktur schafft ein feierliches Gef\u00fchl, das die High-End-Geschenk Positionierung passt. Der Schachtelk\u00f6rper ist durch geometrische Linien und Proportionen optimiert, kombiniert mit der schwarzen Hauptfarbe und der blauen Blumenmuster-Relieftechnik, die ein Gleichgewicht zwischen Ruhe und Kunstsinn zeigt. Wenn die Doppelt\u00fcren ge\u00f6ffnet werden, entfaltet sich der Schachtelk\u00f6rper langsam wie ein B\u00fchnenvorhang, was dem Auspackvorgang ein starkes Gef\u00fchl von Ritual verleiht und die Produktpr\u00e4sentation in ein intensives Erlebnis verwandelt.<\/p>\n<h2 id=\"-2-innovative-interactivity-and-unboxing-experience-\"><strong>2. Innovative Interaktivit\u00e4t und Unboxing-Erlebnis<\/strong><\/h2>\n<p>Die einzigartige\u00a0<strong>Doppelt\u00fcrige Scharnierkonstruktion<\/strong>\u00a0durchbricht das traditionelle, einseitig zu \u00f6ffnende und zu schlie\u00dfende Design und st\u00e4rkt das Gef\u00fchl der Beteiligung des Benutzers:<\/p>\n<ul>\n<li><strong>\u00dcberraschung<\/strong>: Wenn die T\u00fcr ge\u00f6ffnet wird, kommt der eingebaute Parf\u00fcmflakon nach und nach zum Vorschein, wenn sich der Winkel der Schachtel \u00e4ndert, und die umh\u00fcllende Fixierung der EVA-Beflockung sorgt f\u00fcr einen visuellen Effekt wie bei der \"Enth\u00fcllung des Schatzes\".<\/li>\n<li><strong>Interaktivit\u00e4t<\/strong>: Auf der Innenseite der T\u00fcrverkleidung k\u00f6nnen Illustrationen der Markengeschichte oder Karten mit Aromakomponenten individuell gestaltet werden. Nutzer k\u00f6nnen Details durch Umdrehen, Ziehen und andere Aktionen erkunden, um die emotionale Bindung zu st\u00e4rken.<\/li>\n<\/ul>\n<h2 id=\"-3-material-and-craft-details-\"><strong>3. Material und handwerkliche Details<\/strong><\/h2>\n<ul>\n<li><strong>Beschichtetes Papiersubstrat<\/strong>: Es wird 350 g schweres, gestrichenes Papier verwendet, das sowohl leicht als auch druckfest ist, damit es sich beim Transport nicht verformt. Gleichzeitig ist die Oberfl\u00e4che mit einer matten Folie \u00fcberzogen, um die Haptik zu verbessern.<\/li>\n<li><strong>Pr\u00e4zise Verarbeitung<\/strong>: Der Kantenfehler des Schachtelk\u00f6rpers betr\u00e4gt \u22640,1 mm, und die \u00d6ffnungs- und Verschlussstruktur ist fest eingepasst, um die Grate und die Lockerheit der traditionellen handgefertigten Schachteln zu vermeiden.<\/li>\n<li><strong>Dekorationstechnik<\/strong>: Das blaue Blumenmuster erh\u00e4lt durch die lokale UV+Hei\u00dfsilbertechnologie einen dreidimensionalen Glanz, w\u00e4hrend der schwarze Hintergrund eine mikroperlgl\u00e4nzende Beschichtung verwendet, um einen dezenten und luxuri\u00f6sen Farbverlaufseffekt bei Licht und Schatten zu erzielen.<\/li>\n<\/ul>\n<h2 id=\"-4-functional-and-protective-design-\"><strong>4. Funktionelle und sch\u00fctzende Gestaltung<\/strong><\/h2>\n<ul>\n<li><strong>EVA-Flocking-Futter<\/strong>: Ma\u00dfgeschneiderte Rillen entsprechend der Kr\u00fcmmung des Flaschenk\u00f6rpers, die Dicke der Auskleidung betr\u00e4gt bis zu 5 mm, und eine hochdichte Beflockung wird zur Polsterung und Sto\u00dffestigkeit verwendet, um Kratzer und Verschiebungen w\u00e4hrend des Transports zu vermeiden.<\/li>\n<li><strong>Struktur der Trennwand<\/strong>: Erm\u00f6glicht ein mehrschichtiges Design der Innenschachtel (z. B. Platzierung von Parf\u00fcmflaschen auf der oberen Schicht und Einbettung von Anleitungen oder Geschenkkartenf\u00e4chern auf der unteren Schicht), was die Raumnutzung und Funktionalit\u00e4t verbessert.<\/li>\n<\/ul>\n<h2 id=\"-5-customized-service-and-brand-adaptation-\"><strong>5. Ma\u00dfgeschneiderter Service und Markenanpassung<\/strong><\/h2>\n<ul>\n<li><strong>Umfassende Anpassung<\/strong>: Unterst\u00fctzt die flexible Anpassung der Gr\u00f6\u00dfe (H\u00f6henanpassung an Flaschentyp 15-30 cm), des \u00d6ffnungs- und Schlie\u00dfwinkels (90\u00b0-180\u00b0 einstellbar) und der inneren Struktur (Zwischenlage\/Magnetschnalle usw.), um die Anforderungen der Markendifferenzierung zu erf\u00fcllen.<\/li>\n<li><strong>Integration von Markenelementen<\/strong>: Es k\u00f6nnen Markenlogo-Hei\u00dfpr\u00e4gungen, Duftmikrokapseln (beim \u00d6ffnen der Verpackung wird der zugeh\u00f6rige Duft freigesetzt) oder AR-Tags (Scannen des Codes l\u00f6st eine Animation der Markengeschichte aus) eingebettet werden, um eine enge Verbindung zwischen Verpackung und Produktgeschichte herzustellen.<\/li>\n<\/ul>","protected":false},"excerpt":{"rendered":"<p>Diese zweit\u00fcrige Geschenkbox basiert auf dem Konzept \"die Zeremonie \u00f6ffnen, den Luxus sp\u00fcren\". Durch strukturelle Innovation, Handwerkskunst und sensorische Verkn\u00fcpfung wird die Verpackung von einem Beh\u00e4lter zum zentralen Tr\u00e4ger des Markenerlebnisses aufgewertet. Vom \u00dcberraschungsmoment des \u00d6ffnens der Schachtel bis hin zur Ber\u00fchrung der Details spiegelt jedes Glied die High-End-Positionierung wider und hilft der Marke, sich im Wettbewerb zu profilieren.<\/p>","protected":false},"featured_media":1006,"template":"","meta":{"_kad_post_transparent":"default","_kad_post_title":"","_kad_post_layout":"default","_kad_post_sidebar_id":"","_kad_post_content_style":"default","_kad_post_vertical_padding":"default","_kad_post_feature":"","_kad_post_feature_position":"","_kad_post_header":false,"_kad_post_footer":false,"_kad_post_classname":""},"product_brand":[],"product_cat":[15,28,17],"product_tag":[381,382,380],"class_list":{"0":"post-1005","1":"product","2":"type-product","3":"status-publish","4":"has-post-thumbnail","6":"product_cat-red-light-therapy","7":"product_cat-customize","8":"product_cat-services","9":"product_tag-brand-perfume-box","10":"product_tag-custom-fragrance-box","11":"product_tag-double-door-box-for-skincare","13":"first","14":"instock","15":"shipping-taxable","16":"product-type-simple","17":"entry","18":"content-bg","19":"loop-entry"},"_links":{"self":[{"href":"https:\/\/red-lighttherapy.com\/de_de\/wp-json\/wp\/v2\/product\/1005","targetHints":{"allow":["GET"]}}],"collection":[{"href":"https:\/\/red-lighttherapy.com\/de_de\/wp-json\/wp\/v2\/product"}],"about":[{"href":"https:\/\/red-lighttherapy.com\/de_de\/wp-json\/wp\/v2\/types\/product"}],"wp:featuredmedia":[{"embeddable":true,"href":"https:\/\/red-lighttherapy.com\/de_de\/wp-json\/wp\/v2\/media\/1006"}],"wp:attachment":[{"href":"https:\/\/red-lighttherapy.com\/de_de\/wp-json\/wp\/v2\/media?parent=1005"}],"wp:term":[{"taxonomy":"product_brand","embeddable":true,"href":"https:\/\/red-lighttherapy.com\/de_de\/wp-json\/wp\/v2\/product_brand?post=1005"},{"taxonomy":"product_cat","embeddable":true,"href":"https:\/\/red-lighttherapy.com\/de_de\/wp-json\/wp\/v2\/product_cat?post=1005"},{"taxonomy":"product_tag","embeddable":true,"href":"https:\/\/red-lighttherapy.com\/de_de\/wp-json\/wp\/v2\/product_tag?post=1005"}],"curies":[{"name":"wp","href":"https:\/\/api.w.org\/{rel}","templated":true}]}}