{"id":428,"date":"2025-04-11T12:53:29","date_gmt":"2025-04-11T12:53:29","guid":{"rendered":"https:\/\/red-lighttherapy.com\/?post_type=product&#038;p=428"},"modified":"2025-04-11T13:15:50","modified_gmt":"2025-04-11T13:15:50","slug":"wholesale-luxury-lid-and-base-ring-earring-necklace-packaging","status":"publish","type":"product","link":"https:\/\/red-lighttherapy.com\/ar\/wholesale-luxury-lid-and-base-ring-earring-necklace-packaging\/","title":{"rendered":"\u062a\u063a\u0644\u064a\u0641 \u0642\u0644\u0627\u062f\u0629 \u0642\u0631\u0637 \u0627\u0644\u062e\u0627\u062a\u0645 \u0648\u0627\u0644\u062d\u0644\u0642\u0629 \u0627\u0644\u0623\u0633\u0627\u0633\u064a\u0629 \u0627\u0644\u0641\u0627\u062e\u0631\u0629 \u0628\u0627\u0644\u062c\u0645\u0644\u0629"},"content":{"rendered":"<h2 id=\"-product-description-of-luxury-lid-base-ring-earring-necklace-packaging-box-\"><strong>\u0648\u0635\u0641 \u0627\u0644\u0645\u0646\u062a\u062c \u0644\u0635\u0646\u062f\u0648\u0642 \u062a\u063a\u0644\u064a\u0641 \u0642\u0644\u0627\u062f\u0629 \u0642\u0631\u0637 \u0627\u0644\u062e\u0627\u062a\u0645 \u0627\u0644\u0641\u0627\u062e\u0631 \u0628\u063a\u0637\u0627\u0621 \u0648\u0642\u0627\u0639\u062f\u0629<\/strong><\/h2>\n<h2 id=\"-1-simple-and-elegant-design-highlighting-brand-texture-\"><strong>1. \u062a\u0635\u0645\u064a\u0645 \u0628\u0633\u064a\u0637 \u0648\u0623\u0646\u064a\u0642\u060c \u064a\u0628\u0631\u0632 \u0646\u0633\u064a\u062c \u0627\u0644\u0639\u0644\u0627\u0645\u0629 \u0627\u0644\u062a\u062c\u0627\u0631\u064a\u0629<\/strong><\/h2>\n<p>\u062a\u062a\u0628\u0646\u0651\u0649 \u0647\u0630\u0647 \u0627\u0644\u0633\u0644\u0633\u0644\u0629 \u0645\u0646 \u0639\u0644\u0628 \u0627\u0644\u062a\u063a\u0644\u064a\u0641 \u0645\u0641\u0647\u0648\u0645\u064b\u0627 \u062c\u0645\u0627\u0644\u064a\u064b\u0627 \u0628\u0633\u064a\u0637\u064b\u0627\u060c \u0648\u064a\u062a\u0645 \u062a\u062d\u062f\u064a\u062f \u0627\u0644\u0633\u0637\u062d \u0628\u062a\u0642\u0646\u064a\u0629 \u0627\u0644\u062e\u062a\u0645 \u0627\u0644\u0633\u0627\u062e\u0646 \u0627\u0644\u0630\u0647\u0628\u064a \u063a\u064a\u0631 \u0627\u0644\u0644\u0627\u0645\u0639 \u0639\u0627\u0644\u064a \u0627\u0644\u062f\u0642\u0629 \u0644\u062a\u062d\u062f\u064a\u062f \u0634\u0639\u0627\u0631 \u0627\u0644\u0639\u0644\u0627\u0645\u0629 \u0627\u0644\u062a\u062c\u0627\u0631\u064a\u0629 \u0623\u0648 \u0646\u0645\u0637 \u0627\u0644\u0645\u0644\u0645\u0633\u060c \u0645\u0645\u0627 \u064a\u0643\u0634\u0641 \u0639\u0646 \u0645\u0632\u0627\u062c \u0641\u0627\u062e\u0631 \u0628\u0637\u0631\u064a\u0642\u0629 \u0645\u0646\u062e\u0641\u0636\u0629. \u0644\u0627 \u064a\u062a\u0648\u0627\u0641\u0642 \u0627\u0644\u062a\u0635\u0627\u062f\u0645 \u0628\u064a\u0646 \u0627\u0644\u0645\u0644\u0645\u0633 \u063a\u064a\u0631 \u0627\u0644\u0644\u0627\u0645\u0639 \u0648\u0627\u0644\u0644\u0645\u0639\u0627\u0646 \u0627\u0644\u0645\u0639\u062f\u0646\u064a \u0645\u0639 \u0627\u0644\u0627\u062a\u062c\u0627\u0647\u0627\u062a \u0627\u0644\u062c\u0645\u0627\u0644\u064a\u0629 \u0627\u0644\u062d\u062f\u064a\u062b\u0629 \u0641\u062d\u0633\u0628\u060c \u0628\u0644 \u064a\u0639\u0632\u0632 \u0623\u064a\u0636\u064b\u0627 \u0627\u0644\u0630\u0627\u0643\u0631\u0629 \u0627\u0644\u0628\u0635\u0631\u064a\u0629 \u0644\u0644\u0639\u0644\u0627\u0645\u0629 \u0627\u0644\u062a\u062c\u0627\u0631\u064a\u0629. \u0648\u064a\u062a\u0645\u064a\u0632 \u062c\u0633\u0645 \u0627\u0644\u0635\u0646\u062f\u0648\u0642 \u0628\u062e\u0637\u0648\u0637 \u0646\u0627\u0639\u0645\u0629 \u0648\u0628\u062f\u0648\u0646 \u0632\u062e\u0627\u0631\u0641 \u0632\u0627\u0626\u062f\u0629 \u0639\u0646 \u0627\u0644\u062d\u0627\u062c\u0629\u060c \u0648\u0647\u0648 \u0645\u0627 \u064a\u0644\u0628\u064a \u0627\u0644\u062c\u0627\u0630\u0628\u064a\u0629 \u0627\u0644\u0623\u0633\u0627\u0633\u064a\u0629 \u0644\u0644\u0645\u062c\u0648\u0647\u0631\u0627\u062a \u0627\u0644\u0631\u0627\u0642\u064a\u0629 \u0648\u0627\u0644\u0633\u0644\u0639 \u0627\u0644\u0641\u0627\u062e\u0631\u0629 \u0644\u0644\u062a\u063a\u0644\u064a\u0641 \"\u0628\u0633\u064a\u0637 \u0648\u0644\u0643\u0646 \u0644\u064a\u0633 \u0628\u0633\u064a\u0637\u064b\u0627\".<\/p>\n<h2 id=\"-2-full-size-flexible-customization-suitable-for-a-variety-of-products-\"><strong>2. \u062a\u062e\u0635\u064a\u0635 \u0645\u0631\u0646 \u0628\u0627\u0644\u062d\u062c\u0645 \u0627\u0644\u0643\u0627\u0645\u0644\u060c \u0645\u0646\u0627\u0633\u0628 \u0644\u0645\u062c\u0645\u0648\u0639\u0629 \u0645\u062a\u0646\u0648\u0639\u0629 \u0645\u0646 \u0627\u0644\u0645\u0646\u062a\u062c\u0627\u062a<\/strong><\/h2>\n<ul>\n<li><strong>\u0645\u0637\u0627\u0628\u0642\u0629 \u062f\u0642\u064a\u0642\u0629 \u0644\u0644\u062d\u062c\u0645<\/strong>: \u064a\u062f\u0639\u0645 \u0627\u0644\u062a\u062e\u0635\u064a\u0635 \u0628\u0627\u0644\u062d\u062c\u0645 \u0627\u0644\u0643\u0627\u0645\u0644 \u0628\u062f\u0621\u064b\u0627 \u0645\u0646 \u0627\u0644\u062e\u0648\u0627\u062a\u0645 (5\u00d75\u00d73.5\u00d73.5 \u0633\u0645 \u0643\u062d\u062f \u0623\u062f\u0646\u0649) \u0625\u0644\u0649 \u0627\u0644\u0642\u0644\u0627\u0626\u062f (23\u00d717.5\u00d73.5 \u0633\u0645 \u0643\u062d\u062f \u0623\u0642\u0635\u0649)\u060c \u0645\u0645\u0627 \u064a\u063a\u0637\u064a \u0627\u062d\u062a\u064a\u0627\u062c\u0627\u062a \u0627\u0644\u0645\u062c\u0648\u0647\u0631\u0627\u062a \u0627\u0644\u062e\u0641\u064a\u0641\u0629 \u0648\u0627\u0644\u0625\u0643\u0633\u0633\u0648\u0627\u0631\u0627\u062a \u0627\u0644\u0645\u0639\u062f\u0646\u064a\u0629 \u0627\u0644\u062b\u0645\u064a\u0646\u0629 \u0648\u0645\u0627 \u0625\u0644\u0649 \u0630\u0644\u0643.<\/li>\n<li><strong>\u0627\u062e\u062a\u064a\u0627\u0631 \u0646\u0648\u0639 \u0627\u0644\u0635\u0646\u062f\u0648\u0642 \u0627\u0644\u0645\u0631\u0646<\/strong>: \u064a\u0648\u0641\u0631 \u0645\u062c\u0645\u0648\u0639\u0629 \u0645\u062a\u0646\u0648\u0639\u0629 \u0645\u0646 \u0623\u0646\u0648\u0627\u0639 \u0627\u0644\u0635\u0646\u0627\u062f\u064a\u0642 \u0645\u062b\u0644 \u0627\u0644\u0623\u063a\u0637\u064a\u0629 \u0627\u0644\u0639\u0644\u0648\u064a\u0629 \u0648\u0627\u0644\u0633\u0641\u0644\u064a\u0629 \u0648\u0627\u0644\u0623\u063a\u0637\u064a\u0629 \u0627\u0644\u0645\u063a\u0646\u0627\u0637\u064a\u0633\u064a\u0629 \u0627\u0644\u0642\u0627\u0628\u0644\u0629 \u0644\u0644\u0642\u0644\u0628 \u0648\u0635\u0646\u0627\u062f\u064a\u0642 \u0627\u0644\u0648\u0633\u0627\u0626\u062f \u0648\u0645\u0627 \u0625\u0644\u0649 \u0630\u0644\u0643\u060c \u0648\u064a\u0645\u0643\u0646\u0647 \u062a\u062e\u0635\u064a\u0635 \u0647\u064a\u0627\u0643\u0644 \u062d\u0635\u0631\u064a\u0629 \u0648\u0641\u0642\u064b\u0627 \u0644\u0623\u0634\u0643\u0627\u0644 \u0627\u0644\u0645\u0646\u062a\u062c\u0627\u062a \u0648\u0645\u062a\u0637\u0644\u0628\u0627\u062a \u0627\u0644\u0639\u0631\u0636. \u0639\u0644\u0649 \u0633\u0628\u064a\u0644 \u0627\u0644\u0645\u062b\u0627\u0644\u060c \u0635\u0646\u062f\u0648\u0642 \u0627\u0644\u0642\u0644\u0627\u0628 \u0627\u0644\u0645\u063a\u0646\u0627\u0637\u064a\u0633\u064a \u0633\u0647\u0644 \u0627\u0644\u0641\u062a\u062d \u0648\u0627\u0644\u0625\u063a\u0644\u0627\u0642 \u0648\u0644\u0647 \u063a\u0644\u0642 \u0642\u0648\u064a\u060c \u0648\u0647\u0648 \u0645\u0646\u0627\u0633\u0628 \u0644\u0639\u0631\u0636 \u0627\u0644\u0645\u062c\u0648\u0647\u0631\u0627\u062a \u0639\u0627\u0644\u064a\u0629 \u0627\u0644\u062a\u0631\u062f\u062f\u061b \u0635\u0646\u062f\u0648\u0642 \u0627\u0644\u063a\u0637\u0627\u0621 \u0627\u0644\u0639\u0644\u0648\u064a \u0648\u0627\u0644\u0633\u0641\u0644\u064a \u0644\u0647 \u062d\u0645\u0627\u064a\u0629 \u0648\u062d\u0633 \u0637\u0642\u0648\u0633\u064a\u060c \u0648\u0647\u0648 \u0645\u0646\u0627\u0633\u0628 \u0644\u0645\u0634\u0627\u0647\u062f \u0627\u0644\u0647\u062f\u0627\u064a\u0627 \u0627\u0644\u0631\u0627\u0642\u064a\u0629.<\/li>\n<\/ul>\n<h2 id=\"-3-professional-inner-tray-customization-stable-and-worry-free-protection-\"><strong>3. \u062a\u062e\u0635\u064a\u0635 \u0627\u062d\u062a\u0631\u0627\u0641\u064a \u0644\u0644\u0635\u064a\u0646\u064a\u0629 \u0627\u0644\u062f\u0627\u062e\u0644\u064a\u0629 \u0648\u062d\u0645\u0627\u064a\u0629 \u0645\u0633\u062a\u0642\u0631\u0629 \u0648\u062e\u0627\u0644\u064a\u0629 \u0645\u0646 \u0627\u0644\u0642\u0644\u0642<\/strong><\/h2>\n<ul>\n<li><strong>\u062a\u0646\u0648\u0639 \u0627\u0644\u0645\u0648\u0627\u062f<\/strong>: \u064a\u0645\u0643\u0646 \u0623\u0646 \u062a\u0643\u0648\u0646 \u0627\u0644\u0635\u064a\u0646\u064a\u0629 \u0627\u0644\u062f\u0627\u062e\u0644\u064a\u0629 \u0645\u0635\u0646\u0648\u0639\u0629 \u0645\u0646 EVA\u060c \u0648\u0642\u0637\u0646 \u0627\u0644\u0644\u0624\u0644\u0624\u060c \u0648\u0627\u0644\u0625\u0633\u0641\u0646\u062c \u0627\u0644\u0645\u062a\u062f\u0641\u0642\u060c \u0648\u0628\u0637\u0627\u0642\u0629 \u0648\u0631\u0642 \u0627\u0644\u0641\u0642\u0627\u0639\u0629 \u0648\u063a\u064a\u0631\u0647\u0627 \u0645\u0646 \u0627\u0644\u0645\u0648\u0627\u062f\u060c \u0648\u062a\u062b\u0628\u064a\u062a \u0627\u0644\u062e\u0648\u0627\u062a\u0645 \u0648\u0627\u0644\u0623\u0642\u0631\u0627\u0637 \u0648\u0627\u0644\u0642\u0644\u0627\u0626\u062f \u0648\u063a\u064a\u0631\u0647\u0627 \u0645\u0646 \u0627\u0644\u0645\u0646\u062a\u062c\u0627\u062a \u0628\u062f\u0642\u0629 \u0644\u062a\u062c\u0646\u0628 \u0627\u0644\u0627\u0647\u062a\u0632\u0627\u0632 \u0648\u0627\u0644\u062a\u0622\u0643\u0644 \u0623\u062b\u0646\u0627\u0621 \u0627\u0644\u0646\u0642\u0644 \u0623\u0648 \u0627\u0644\u0639\u0631\u0636. \u0639\u0644\u0649 \u0633\u0628\u064a\u0644 \u0627\u0644\u0645\u062b\u0627\u0644\u060c \u062a\u062a\u0645\u064a\u0632 \u0627\u0644\u0628\u0637\u0627\u0646\u0629 \u0627\u0644\u0645\u062a\u062f\u0641\u0642\u0629 \u0628\u0648\u0638\u064a\u0641\u0629 \u0645\u0636\u0627\u062f\u0629 \u0644\u0644\u0643\u0647\u0631\u0628\u0627\u0621 \u0627\u0644\u0633\u0627\u0643\u0646\u0629 \u0644\u062d\u0645\u0627\u064a\u0629 \u0644\u0645\u0639\u0627\u0646 \u0627\u0644\u0645\u062c\u0648\u0647\u0631\u0627\u062a \u0627\u0644\u0645\u0639\u062f\u0646\u064a\u0629\u061b \u062a\u062a\u0645\u064a\u0632 \u0627\u0644\u0635\u064a\u0646\u064a\u0629 \u0627\u0644\u062f\u0627\u062e\u0644\u064a\u0629 \u0644\u0644\u0628\u062b\u0631\u0629 \u0628\u0627\u0644\u0644\u062f\u0648\u0646\u0629 \u0627\u0644\u0642\u0648\u064a\u0629 \u0648\u0647\u064a \u0645\u0646\u0627\u0633\u0628\u0629 \u0644\u0644\u0645\u062c\u0648\u0647\u0631\u0627\u062a \u0630\u0627\u062a \u0627\u0644\u0634\u0643\u0644 \u0627\u0644\u062e\u0627\u0635.<\/li>\n<li><strong>\u062a\u0635\u0645\u064a\u0645 \u0648\u0638\u064a\u0641\u064a<\/strong>: \u062a\u062e\u0635\u064a\u0635 \u0641\u062a\u062d\u0627\u062a \u0628\u0637\u0627\u0642\u0629 \u062d\u0635\u0631\u064a\u0629 \u0644\u0623\u0646\u0648\u0627\u0639 \u0645\u062e\u062a\u0644\u0641\u0629 \u0645\u0646 \u0627\u0644\u0645\u062c\u0648\u0647\u0631\u0627\u062a\u060c \u0645\u062b\u0644 \u0641\u062a\u062d\u0627\u062a \u0627\u0644\u062e\u0648\u0627\u062a\u0645 \u0648\u062b\u0642\u0648\u0628 \u0627\u0644\u0623\u0642\u0631\u0627\u0637 \u0648\u062e\u0637\u0627\u0641\u0627\u062a \u0627\u0644\u0642\u0644\u0627\u062f\u0629 \u0648\u0645\u0627 \u0625\u0644\u0649 \u0630\u0644\u0643\u060c \u0644\u0636\u0645\u0627\u0646 \u062b\u0628\u0627\u062a \u0627\u0644\u0645\u0646\u062a\u062c \u0648\u062a\u0623\u062b\u064a\u0631 \u0627\u0644\u0639\u0631\u0636 \u0628\u062f\u064a\u0647\u064a.<\/li>\n<\/ul>\n<h2 id=\"-4-full-dimensional-craftsmanship-and-material-customization-to-empower-brand-image-\"><strong>4. \u062d\u0631\u0641\u064a\u0629 \u0643\u0627\u0645\u0644\u0629 \u0627\u0644\u0623\u0628\u0639\u0627\u062f \u0648\u062a\u062e\u0635\u064a\u0635 \u0627\u0644\u0645\u0648\u0627\u062f \u0644\u062a\u0645\u0643\u064a\u0646 \u0635\u0648\u0631\u0629 \u0627\u0644\u0639\u0644\u0627\u0645\u0629 \u0627\u0644\u062a\u062c\u0627\u0631\u064a\u0629<\/strong><\/h2>\n<ul>\n<li><strong>\u062a\u0631\u0642\u064a\u0629 \u0627\u0644\u0645\u0648\u0627\u062f<\/strong>: \u062a\u0648\u0641\u064a\u0631 \u0627\u0644\u0645\u0648\u0627\u062f \u0627\u0644\u0631\u0627\u0642\u064a\u0629 \u0645\u062b\u0644 \u0627\u0644\u0648\u0631\u0642 \u0627\u0644\u0641\u0646\u064a \u0627\u0644\u062e\u0627\u0635 (\u0645\u062b\u0644 \u0627\u0644\u0648\u0631\u0642 \u0627\u0644\u0644\u0624\u0644\u0624\u064a \u0648\u0627\u0644\u0648\u0631\u0642 \u0627\u0644\u0645\u0644\u0645\u0648\u0633) \u0648\u0627\u0644\u063a\u0637\u0627\u0621 \u0627\u0644\u0645\u062e\u0645\u0644\u064a \u0648\u0627\u0644\u062c\u0644\u062f \u0627\u0644\u0635\u062f\u064a\u0642 \u0644\u0644\u0628\u064a\u0626\u0629 \u0644\u062a\u0644\u0628\u064a\u0629 \u0627\u0644\u0627\u062d\u062a\u064a\u0627\u062c\u0627\u062a \u0627\u0644\u0645\u062a\u0628\u0627\u064a\u0646\u0629 \u0645\u0646 \u0627\u0644\u0641\u062e\u0627\u0645\u0629 \u0627\u0644\u062e\u0641\u064a\u0641\u0629 \u0625\u0644\u0649 \u0623\u0639\u0644\u0649 \u062f\u0631\u062c\u0627\u062a \u0627\u0644\u0641\u062e\u0627\u0645\u0629. \u0639\u0644\u0649 \u0633\u0628\u064a\u0644 \u0627\u0644\u0645\u062b\u0627\u0644\u060c \u062a\u062a\u0645\u062a\u0639 \u0627\u0644\u0645\u0648\u0627\u062f \u0627\u0644\u0645\u062e\u0645\u0644\u064a\u0629 \u0628\u0644\u0645\u0633\u0629 \u0631\u0642\u064a\u0642\u0629 \u062a\u062a\u0646\u0627\u0633\u0628 \u0645\u0639 \u0627\u0644\u0645\u0644\u0645\u0633 \u0627\u0644\u062f\u0627\u0641\u0626 \u0644\u0644\u0645\u062c\u0648\u0647\u0631\u0627\u062a\u061b \u0648\u064a\u0645\u0643\u0646 \u0644\u0644\u0648\u0631\u0642 \u0627\u0644\u062e\u0627\u0635 \u0623\u0646 \u064a\u0639\u0632\u0632 \u0627\u0644\u0645\u0633\u062a\u0648\u0649 \u0627\u0644\u0628\u0635\u0631\u064a \u0645\u0646 \u062e\u0644\u0627\u0644 \u0627\u0644\u0646\u0642\u0634 \u0648\u0627\u0644\u062e\u062a\u0645 \u0627\u0644\u0633\u0627\u062e\u0646 \u0648\u063a\u064a\u0631\u0647\u0627 \u0645\u0646 \u0627\u0644\u0639\u0645\u0644\u064a\u0627\u062a.<\/li>\n<li><strong>\u0627\u0644\u0627\u0628\u062a\u0643\u0627\u0631 \u0641\u064a \u0627\u0644\u062c\u0645\u0639 \u0628\u064a\u0646 \u0627\u0644\u062a\u0643\u0646\u0648\u0644\u0648\u062c\u064a\u0627 \u0648\u0627\u0644\u0627\u0628\u062a\u0643\u0627\u0631<\/strong>: \u064a\u062f\u0639\u0645 \u062a\u0631\u0627\u0643\u0628 \u0627\u0644\u062e\u062a\u0645 \u0627\u0644\u0633\u0627\u062e\u0646\/\u0627\u0644\u0641\u0636\u0629\u060c \u0648\u0627\u0644\u0646\u0642\u0634\u060c \u0648\u0627\u0644\u0633\u0637\u062d \u0627\u0644\u0633\u0627\u0637\u0639 \u0627\u0644\u062c\u0632\u0626\u064a \u0628\u0627\u0644\u0623\u0634\u0639\u0629 \u0641\u0648\u0642 \u0627\u0644\u0628\u0646\u0641\u0633\u062c\u064a\u0629\u060c \u0648\u0637\u0628\u0627\u0639\u0629 \u0627\u0644\u0634\u0627\u0634\u0629 \u0648\u063a\u064a\u0631\u0647\u0627 \u0645\u0646 \u0627\u0644\u0639\u0645\u0644\u064a\u0627\u062a \u0644\u0625\u0646\u0634\u0627\u0621 \u0644\u063a\u0629 \u0628\u0635\u0631\u064a\u0629 \u0641\u0631\u064a\u062f\u0629 \u0644\u0644\u062a\u063a\u0644\u064a\u0641.<\/li>\n<\/ul>\n<h2 id=\"-5-industry-experience-endorsement-word-of-mouth-trust-choice-\"><strong>5. \u062a\u0623\u064a\u064a\u062f \u0627\u0644\u062e\u0628\u0631\u0629 \u0641\u064a \u0627\u0644\u0635\u0646\u0627\u0639\u0629\u060c \u0648\u0627\u062e\u062a\u064a\u0627\u0631 \u0627\u0644\u062b\u0642\u0629 \u0627\u0644\u0634\u0641\u0647\u064a\u0629<\/strong><\/h2>\n<p>\u0645\u0639 \u0623\u0643\u062b\u0631 \u0645\u0646 \u0639\u0634\u0631 \u0633\u0646\u0648\u0627\u062a \u0645\u0646 \u0627\u0644\u0632\u0631\u0627\u0639\u0629 \u0627\u0644\u0639\u0645\u064a\u0642\u0629 \u0641\u064a \u0635\u0646\u0627\u0639\u0629 \u0627\u0644\u062a\u063a\u0644\u064a\u0641\u060c \u062a\u063a\u0637\u064a \u062e\u062f\u0645\u0627\u062a\u0646\u0627 \u0627\u0644\u0639\u0644\u0627\u0645\u0627\u062a \u0627\u0644\u062a\u062c\u0627\u0631\u064a\u0629 \u0627\u0644\u0639\u0627\u0644\u0645\u064a\u0629 \u0645\u062b\u0644 \u062a\u064a\u0641\u0627\u0646\u064a \u0648\u0643\u0627\u0631\u062a\u064a\u064a\u0647 \u0648\u0627\u0644\u0645\u062c\u0648\u0647\u0631\u0627\u062a \u0627\u0644\u0645\u062d\u0644\u064a\u0629 \u0627\u0644\u0646\u0627\u0634\u0626\u0629\u060c \u0648\u0642\u062f \u0642\u062f\u0645\u0646\u0627 \u062d\u0644\u0648\u0644\u0627\u064b \u0645\u062e\u0635\u0635\u0629 \u0644\u0623\u0643\u062b\u0631 \u0645\u0646 500 \u0639\u0645\u064a\u0644. \u0648\u0628\u0641\u0636\u0644 \u0641\u0647\u0645\u0646\u0627 \u0627\u0644\u0639\u0645\u064a\u0642 \u0644\u0635\u0646\u0627\u0639\u0629 \u0627\u0644\u0645\u062c\u0648\u0647\u0631\u0627\u062a\u060c \u0641\u0625\u0646\u0646\u0627 \u0646\u062a\u062d\u0643\u0645 \u0628\u062f\u0642\u0629 \u0641\u064a \u0627\u0644\u0645\u0644\u0627\u0621\u0645\u0629 \u0627\u0644\u062c\u0645\u0627\u0644\u064a\u0629 \u0628\u064a\u0646 \u0627\u0644\u062a\u063a\u0644\u064a\u0641 \u0648\u0627\u0644\u0645\u0646\u062a\u062c\u0627\u062a\u060c \u0645\u0645\u0627 \u064a\u0633\u0627\u0639\u062f \u0627\u0644\u0639\u0644\u0627\u0645\u0627\u062a \u0627\u0644\u062a\u062c\u0627\u0631\u064a\u0629 \u0639\u0644\u0649 \u062a\u062d\u0633\u064a\u0646 \u0642\u062f\u0631\u062a\u0647\u0627 \u0627\u0644\u0645\u062a\u0645\u064a\u0632\u0629 \u0648\u062a\u062c\u0631\u0628\u0629 \u0641\u062a\u062d \u0627\u0644\u0639\u0644\u0628\u0629 \u0644\u0644\u0645\u0633\u062a\u062e\u062f\u0645.<\/p>\n<h2 id=\"-6-intelligent-production-system-quality-and-efficiency-double-guarantee-\"><strong>6. \u0646\u0638\u0627\u0645 \u0627\u0644\u0625\u0646\u062a\u0627\u062c \u0627\u0644\u0630\u0643\u064a \u0648\u0636\u0645\u0627\u0646 \u0627\u0644\u062c\u0648\u062f\u0629 \u0648\u0627\u0644\u0643\u0641\u0627\u0621\u0629 \u0627\u0644\u0645\u0632\u062f\u0648\u062c\u0629<\/strong><\/h2>\n<p>\u0628\u0627\u0644\u0627\u0639\u062a\u0645\u0627\u062f \u0639\u0644\u0649 \u0646\u0638\u0627\u0645 \u0625\u062f\u0627\u0631\u0629 \u0627\u0644\u0625\u0646\u062a\u0627\u062c \u0627\u0644\u0630\u0643\u064a\u060c \u0641\u0625\u0646 \u0627\u0644\u0639\u0645\u0644\u064a\u0629 \u0628\u0623\u0643\u0645\u0644\u0647\u0627 \u0628\u062f\u0621\u064b\u0627 \u0645\u0646 \u062a\u062f\u0642\u064a\u0642 \u0627\u0644\u062a\u0635\u0645\u064a\u0645 \u0625\u0644\u0649 \u0627\u0644\u0625\u0646\u062a\u0627\u062c \u0627\u0644\u0636\u062e\u0645 \u062a\u062a\u0645 \u0628\u0634\u0643\u0644 \u0622\u0644\u064a \u0648\u0645\u0639\u0644\u0648\u0645\u0627\u062a\u064a:<\/p>\n<ul>\n<li><strong>\u0645\u0631\u0627\u0642\u0628\u0629 \u0627\u0644\u062c\u0648\u062f\u0629 \u0627\u0644\u062f\u0642\u064a\u0642\u0629<\/strong>: \u062a\u0636\u0645\u0646 \u0645\u0639\u062f\u0627\u062a \u0627\u0644\u0641\u062d\u0635 \u0627\u0644\u0628\u0635\u0631\u064a \u0628\u0627\u0644\u0630\u0643\u0627\u0621 \u0627\u0644\u0627\u0635\u0637\u0646\u0627\u0639\u064a \u062f\u0642\u0629 \u0627\u0644\u0639\u0645\u0644\u064a\u0629 \u0648\u0627\u062a\u0633\u0627\u0642 \u0643\u0644 \u0635\u0646\u062f\u0648\u0642 \u062a\u063a\u0644\u064a\u0641\u060c \u0628\u0645\u0639\u062f\u0644 \u0639\u064a\u0628 \u0623\u0642\u0644 \u0645\u0646 0.1%.<\/li>\n<li><strong>\u0625\u0646\u062a\u0627\u062c \u0645\u0631\u0646<\/strong>: \u062f\u0639\u0645 \u0627\u0644\u0637\u0644\u0628\u0627\u062a \u0627\u0644\u0645\u0631\u0646\u0629 \u0645\u0646 50 \u0642\u0637\u0639\u0629 \u0625\u0644\u0649 10000 \u0642\u0637\u0639\u0629\u060c \u0648\u0627\u0644\u062a\u0633\u0644\u064a\u0645 \u0627\u0644\u0633\u0631\u064a\u0639 \u0641\u064a \u063a\u0636\u0648\u0646 7-15 \u064a\u0648\u0645\u064b\u0627\u060c \u0644\u062a\u0644\u0628\u064a\u0629 \u0627\u062d\u062a\u064a\u0627\u062c\u0627\u062a \u0627\u0644\u0639\u0631\u0648\u0636 \u0627\u0644\u062a\u0631\u0648\u064a\u062c\u064a\u0629 \u0644\u0645\u0648\u0633\u0645 \u0627\u0644\u0630\u0631\u0648\u0629 \u0644\u0644\u0639\u0644\u0627\u0645\u0629 \u0627\u0644\u062a\u062c\u0627\u0631\u064a\u0629 \u0623\u0648 \u0627\u0644\u0625\u0635\u062f\u0627\u0631\u0627\u062a \u0627\u0644\u0623\u0648\u0644\u0649 \u0627\u0644\u0645\u062d\u062f\u0648\u062f\u0629 \u0627\u0644\u0625\u0635\u062f\u0627\u0631.<\/li>\n<\/ul>\n<h2 id=\"-cooperation-value-\"><strong>\u0642\u064a\u0645\u0629 \u0627\u0644\u062a\u0639\u0627\u0648\u0646<\/strong><\/h2>\n<p>\u0627\u062e\u062a\u0631 \u062d\u0644 \u0627\u0644\u062a\u063a\u0644\u064a\u0641 \u0627\u0644\u062e\u0627\u0635 \u0628\u0646\u0627\u060c \u0648\u0633\u0648\u0641 \u062a\u062d\u0635\u0644 \u0639\u0644\u0649 \u2705\u00a0<strong>\u062a\u0631\u0642\u064a\u0629 \u0635\u0648\u0631\u0629 \u0627\u0644\u0639\u0644\u0627\u0645\u0629 \u0627\u0644\u062a\u062c\u0627\u0631\u064a\u0629<\/strong>: \u062a\u0642\u062f\u064a\u0645 \u0644\u0647\u062c\u0629 \u0627\u0644\u0639\u0644\u0627\u0645\u0629 \u0627\u0644\u062a\u062c\u0627\u0631\u064a\u0629 \u0645\u0646 \u062e\u0644\u0627\u0644 \u062a\u0635\u0645\u064a\u0645 \u0645\u062e\u0635\u0635 \u0644\u062a\u0639\u0632\u064a\u0632 \u0648\u0639\u064a \u0627\u0644\u0645\u0633\u062a\u0647\u0644\u0643\u061b \u2705 \u2705\u00a0<strong>\u062a\u062d\u0633\u064a\u0646 \u062a\u062c\u0631\u0628\u0629 \u0627\u0644\u0645\u0633\u062a\u062e\u062f\u0645<\/strong>: \u062a\u062d\u0633\u064a\u0646 \u0645\u062a\u0639\u062f\u062f \u0627\u0644\u0623\u0628\u0639\u0627\u062f \u0644\u0637\u0642\u0648\u0633 \u0627\u0644\u0641\u062a\u062d \u0648\u0627\u0644\u0625\u063a\u0644\u0627\u0642\u060c \u0648\u0627\u0644\u062d\u0645\u0627\u064a\u0629\u060c \u0648\u0642\u0627\u0628\u0644\u064a\u0629 \u0627\u0644\u0646\u0642\u0644\u060c \u0648\u062a\u0639\u0632\u064a\u0632 \u0631\u063a\u0628\u0629 \u0627\u0644\u0639\u0645\u0644\u0627\u0621 \u0641\u064a \u0625\u0639\u0627\u062f\u0629 \u0627\u0644\u0634\u0631\u0627\u0621\u061b \u2705\u00a0<strong>\u062a\u0648\u0627\u0632\u0646 \u0643\u0641\u0627\u0621\u0629 \u0627\u0644\u062a\u0643\u0644\u0641\u0629<\/strong>: \u0645\u0634\u062a\u0631\u064a\u0627\u062a \u0648\u0627\u0633\u0639\u0629 \u0627\u0644\u0646\u0637\u0627\u0642 \u0648\u0646\u0638\u0627\u0645 \u0625\u0646\u062a\u0627\u062c \u0630\u0643\u064a \u0644\u0636\u0645\u0627\u0646 \u0627\u0644\u062c\u0648\u062f\u0629 \u0627\u0644\u0639\u0627\u0644\u064a\u0629 \u0648\u0627\u0644\u062a\u0643\u0644\u0641\u0629 \u0627\u0644\u0645\u0639\u0642\u0648\u0644\u0629.<\/p>","protected":false},"excerpt":{"rendered":"<p>\u064a\u0639\u062a\u0645\u062f \u0635\u0646\u062f\u0648\u0642 \u0627\u0644\u062a\u063a\u0644\u064a\u0641 \u0630\u0648 \u0627\u0644\u063a\u0637\u0627\u0621 \u0648\u0627\u0644\u0642\u0627\u0639\u062f\u0629 \u0639\u0644\u0649 \u0647\u064a\u0643\u0644 \u0627\u0644\u063a\u0637\u0627\u0621 \u0627\u0644\u0639\u0644\u0648\u064a \u0648\u0627\u0644\u0633\u0641\u0644\u064a \u0627\u0644\u0630\u064a \u064a\u0633\u0647\u0644 \u062d\u0645\u0644\u0647. \u062a\u0636\u0641\u064a \u0639\u0645\u0644\u064a\u0629 \u0627\u0644\u0637\u0644\u0627\u0621 \u0628\u0627\u0644\u0623\u0634\u0639\u0629 \u0641\u0648\u0642 \u0627\u0644\u0628\u0646\u0641\u0633\u062c\u064a\u0629 \u0627\u0644\u0645\u0648\u0636\u0639\u064a\u0629 + \u0639\u0645\u0644\u064a\u0629 \u0627\u0644\u0637\u0644\u0627\u0621 \u0628\u0627\u0644\u0631\u0642\u0627\u0626\u0642 \u0627\u0644\u0630\u0647\u0628\u064a\u0629 \u0627\u0644\u0633\u0627\u062e\u0646\u0629 \u0639\u0644\u0649 \u0627\u0644\u0639\u0628\u0648\u0629 \u0625\u062d\u0633\u0627\u0633\u064b\u0627 \u0628\u0627\u0644\u0641\u062e\u0627\u0645\u0629 \u0648\u062a\u0639\u0632\u0632 \u0627\u0644\u0642\u064a\u0645\u0629 \u0627\u0644\u0645\u0636\u0627\u0641\u0629.<\/p>","protected":false},"featured_media":432,"template":"","meta":{"_kad_post_transparent":"default","_kad_post_title":"","_kad_post_layout":"default","_kad_post_sidebar_id":"","_kad_post_content_style":"default","_kad_post_vertical_padding":"default","_kad_post_feature":"","_kad_post_feature_position":"","_kad_post_header":false,"_kad_post_footer":false,"_kad_post_classname":""},"product_brand":[],"product_cat":[15,19,17],"product_tag":[132,130,131],"class_list":{"0":"post-428","1":"product","2":"type-product","3":"status-publish","4":"has-post-thumbnail","6":"product_cat-red-light-therapy","7":"product_cat-red-light-therapy-stand","8":"product_cat-services","9":"product_tag-necklace-packaging","10":"product_tag-ring-packaging","11":"product_tag-wholesale-earring-packaging","13":"first","14":"instock","15":"shipping-taxable","16":"product-type-simple","17":"entry","18":"content-bg","19":"loop-entry"},"_links":{"self":[{"href":"https:\/\/red-lighttherapy.com\/ar\/wp-json\/wp\/v2\/product\/428","targetHints":{"allow":["GET"]}}],"collection":[{"href":"https:\/\/red-lighttherapy.com\/ar\/wp-json\/wp\/v2\/product"}],"about":[{"href":"https:\/\/red-lighttherapy.com\/ar\/wp-json\/wp\/v2\/types\/product"}],"wp:featuredmedia":[{"embeddable":true,"href":"https:\/\/red-lighttherapy.com\/ar\/wp-json\/wp\/v2\/media\/432"}],"wp:attachment":[{"href":"https:\/\/red-lighttherapy.com\/ar\/wp-json\/wp\/v2\/media?parent=428"}],"wp:term":[{"taxonomy":"product_brand","embeddable":true,"href":"https:\/\/red-lighttherapy.com\/ar\/wp-json\/wp\/v2\/product_brand?post=428"},{"taxonomy":"product_cat","embeddable":true,"href":"https:\/\/red-lighttherapy.com\/ar\/wp-json\/wp\/v2\/product_cat?post=428"},{"taxonomy":"product_tag","embeddable":true,"href":"https:\/\/red-lighttherapy.com\/ar\/wp-json\/wp\/v2\/product_tag?post=428"}],"curies":[{"name":"wp","href":"https:\/\/api.w.org\/{rel}","templated":true}]}}